{"id":5145,"date":"2020-10-02T13:24:05","date_gmt":"2020-10-02T11:24:05","guid":{"rendered":"https:\/\/leowittwer.de\/manufacture\/"},"modified":"2020-11-13T11:32:34","modified_gmt":"2020-11-13T10:32:34","slug":"manufacture","status":"publish","type":"page","link":"https:\/\/leowittwer.de\/en\/manufacture\/","title":{"rendered":"Manufacture"},"content":{"rendered":"\t\t<div data-elementor-type=\"wp-page\" data-elementor-id=\"5145\" class=\"elementor elementor-5145 elementor-4983\" data-elementor-post-type=\"page\">\n\t\t\t\t\t\t<section class=\"elementor-section elementor-top-section elementor-element elementor-element-454b05f elementor-section-boxed elementor-section-height-default elementor-section-height-default\" data-id=\"454b05f\" data-element_type=\"section\">\n\t\t\t\t\t\t<div class=\"elementor-container elementor-column-gap-default\">\n\t\t\t\t\t<div class=\"elementor-column elementor-col-100 elementor-top-column elementor-element elementor-element-f80cbb3\" data-id=\"f80cbb3\" data-element_type=\"column\">\n\t\t\t<div class=\"elementor-widget-wrap elementor-element-populated\">\n\t\t\t\t\t\t<section class=\"elementor-section elementor-inner-section elementor-element elementor-element-f25edca elementor-section-full_width teaser-tiles elementor-section-height-default elementor-section-height-default\" data-id=\"f25edca\" data-element_type=\"section\">\n\t\t\t\t\t\t<div class=\"elementor-container elementor-column-gap-default\">\n\t\t\t\t\t<div class=\"elementor-column elementor-col-50 elementor-inner-column elementor-element elementor-element-94bd6e5\" data-id=\"94bd6e5\" data-element_type=\"column\">\n\t\t\t<div class=\"elementor-widget-wrap elementor-element-populated\">\n\t\t\t\t\t\t<div class=\"elementor-element elementor-element-8458367 elementor-widget elementor-widget-lw-teaser-tile\" data-id=\"8458367\" data-element_type=\"widget\" data-widget_type=\"lw-teaser-tile.default\">\n\t\t\t\t<div class=\"elementor-widget-container\">\n\t\t\t\t\t<div class=\"teaser-tile-single\"><div\n      class=\" teaser-tile\" data-allow-hover=\"no\" data-hover-on-click=\"no\"\n   >\n  <div class=\"teaser-tile__inner-wrapper\">\n          <figure class=\"teaser-tile__img-wrapper\">\n        \n        \n        <img fetchpriority=\"high\" decoding=\"async\" width=\"960\" height=\"720\" src=\"https:\/\/res.cloudinary.com\/leowittwer\/f_auto\/w_960%2Ch_720%2Cc_fit\/website_media\/diemanufaktur_Geschichte_960x570-1.jpg\" class=\"teaser-tile__img\" alt=\"\" srcset=\"https:\/\/res.cloudinary.com\/leowittwer\/f_auto\/w_300\/website_media\/diemanufaktur_Geschichte_960x570-1.jpg 300w, https:\/\/res.cloudinary.com\/leowittwer\/f_auto\/w_768\/website_media\/diemanufaktur_Geschichte_960x570-1.jpg 768w, https:\/\/res.cloudinary.com\/leowittwer\/f_auto\/w_1536\/website_media\/diemanufaktur_Geschichte_960x570-1.jpg 1536w, https:\/\/res.cloudinary.com\/leowittwer\/f_auto\/w_2048\/website_media\/diemanufaktur_Geschichte_960x570-1.jpg 2048w, https:\/\/res.cloudinary.com\/leowittwer\/f_auto\/w_600\/website_media\/diemanufaktur_Geschichte_960x570-1.jpg 600w, https:\/\/res.cloudinary.com\/leowittwer\/f_auto\/w_960\/website_media\/diemanufaktur_Geschichte_960x570-1.jpg 960w\" sizes=\"(max-width: 960px) 100vw, 960px\" \/>      <\/figure>\n        <div class=\"teaser-tile__caption\">\n      <h2 class=\"teaser-tile__caption-title\">Geschichte<\/h2>\n      <div class=\"teaser-tile__caption-subtitle\">Familienunternehmen seit 1920<\/div>\n    <\/div>\n    <div class=\"teaser-tile__content\">\n      \n    <\/div>\n          <div class=\"teaser-tile__actions\">\n        <a href=\"https:\/\/leowittwer.de\/geschichte\/\"\n           class=\"teaser-tile__button\">Mehr erfahren<\/a>\n      <\/div>\n      <\/div>\n<\/div>\n<\/div>\t\t\t\t<\/div>\n\t\t\t\t<\/div>\n\t\t\t\t\t<\/div>\n\t\t<\/div>\n\t\t\t\t<div class=\"elementor-column elementor-col-50 elementor-inner-column elementor-element elementor-element-bde111b\" data-id=\"bde111b\" data-element_type=\"column\">\n\t\t\t<div class=\"elementor-widget-wrap elementor-element-populated\">\n\t\t\t\t\t\t<div class=\"elementor-element elementor-element-84f440a elementor-widget elementor-widget-lw-teaser-tile\" data-id=\"84f440a\" data-element_type=\"widget\" data-widget_type=\"lw-teaser-tile.default\">\n\t\t\t\t<div class=\"elementor-widget-container\">\n\t\t\t\t\t<div class=\"teaser-tile-single\"><div\n      class=\" teaser-tile teaser-tile--img-pos-cb\" data-allow-hover=\"no\" data-hover-on-click=\"no\"\n   >\n  <div class=\"teaser-tile__inner-wrapper\">\n          <figure class=\"teaser-tile__img-wrapper\">\n        \n        \n        <img decoding=\"async\" width=\"1600\" height=\"1080\" src=\"https:\/\/res.cloudinary.com\/leowittwer\/f_auto\/w_1600%2Ch_1080%2Cc_fit\/website_media\/manufaktur-hero-poster.jpg\" class=\"teaser-tile__img\" alt=\"\" srcset=\"https:\/\/res.cloudinary.com\/leowittwer\/f_auto\/w_300\/website_media\/manufaktur-hero-poster.jpg 300w, https:\/\/res.cloudinary.com\/leowittwer\/f_auto\/w_768\/website_media\/manufaktur-hero-poster.jpg 768w, https:\/\/res.cloudinary.com\/leowittwer\/f_auto\/w_1536\/website_media\/manufaktur-hero-poster.jpg 1536w, https:\/\/res.cloudinary.com\/leowittwer\/f_auto\/w_2048\/website_media\/manufaktur-hero-poster.jpg 2048w, https:\/\/res.cloudinary.com\/leowittwer\/f_auto\/w_600\/website_media\/manufaktur-hero-poster.jpg 600w, https:\/\/res.cloudinary.com\/leowittwer\/f_auto\/w_1600\/website_media\/manufaktur-hero-poster.jpg 1600w\" sizes=\"(max-width: 1600px) 100vw, 1600px\" \/>      <\/figure>\n        <div class=\"teaser-tile__caption\">\n      <h2 class=\"teaser-tile__caption-title\">Handwerkskunst<\/h2>\n      <div class=\"teaser-tile__caption-subtitle\">Die Entstehung eines Schmuckst\u00fccks<\/div>\n    <\/div>\n    <div class=\"teaser-tile__content\">\n      \n    <\/div>\n          <div class=\"teaser-tile__actions\">\n        <a href=\"https:\/\/leowittwer.de\/handwerk\/\"\n           class=\"teaser-tile__button\">mehr erfahren<\/a>\n      <\/div>\n      <\/div>\n<\/div>\n<\/div>\t\t\t\t<\/div>\n\t\t\t\t<\/div>\n\t\t\t\t\t<\/div>\n\t\t<\/div>\n\t\t\t\t\t<\/div>\n\t\t<\/section>\n\t\t\t\t\t<\/div>\n\t\t<\/div>\n\t\t\t\t\t<\/div>\n\t\t<\/section>\n\t\t\t\t<section class=\"elementor-section elementor-top-section elementor-element elementor-element-547c9e0 elementor-section-boxed elementor-section-height-default elementor-section-height-default\" data-id=\"547c9e0\" data-element_type=\"section\">\n\t\t\t\t\t\t<div class=\"elementor-container elementor-column-gap-default\">\n\t\t\t\t\t<div class=\"elementor-column elementor-col-100 elementor-top-column elementor-element elementor-element-2a205df\" data-id=\"2a205df\" data-element_type=\"column\">\n\t\t\t<div class=\"elementor-widget-wrap elementor-element-populated\">\n\t\t\t\t\t\t<section class=\"elementor-section elementor-inner-section elementor-element elementor-element-1ed0f6c elementor-section-full_width teaser-tiles elementor-section-height-default elementor-section-height-default\" data-id=\"1ed0f6c\" data-element_type=\"section\">\n\t\t\t\t\t\t<div class=\"elementor-container elementor-column-gap-default\">\n\t\t\t\t\t<div class=\"elementor-column elementor-col-50 elementor-inner-column elementor-element elementor-element-fbfc299\" data-id=\"fbfc299\" data-element_type=\"column\">\n\t\t\t<div class=\"elementor-widget-wrap elementor-element-populated\">\n\t\t\t\t\t\t<div class=\"elementor-element elementor-element-10ab87e elementor-widget elementor-widget-lw-teaser-tile\" data-id=\"10ab87e\" data-element_type=\"widget\" data-widget_type=\"lw-teaser-tile.default\">\n\t\t\t\t<div class=\"elementor-widget-container\">\n\t\t\t\t\t<div class=\"teaser-tile-single\"><div\n      class=\" teaser-tile\" data-allow-hover=\"no\" data-hover-on-click=\"no\"\n   >\n  <div class=\"teaser-tile__inner-wrapper\">\n          <figure class=\"teaser-tile__img-wrapper\">\n        \n        \n        <img decoding=\"async\" width=\"2354\" height=\"2560\" src=\"https:\/\/res.cloudinary.com\/leowittwer\/f_auto\/w_2354%2Ch_2560%2Cc_fit\/website_media\/Dodenhof_Leo_Wittwer_Corner-scaled.jpg\" class=\"teaser-tile__img\" alt=\"\" srcset=\"https:\/\/res.cloudinary.com\/leowittwer\/f_auto\/w_276\/website_media\/Dodenhof_Leo_Wittwer_Corner-scaled.jpg 276w, https:\/\/res.cloudinary.com\/leowittwer\/f_auto\/w_768\/website_media\/Dodenhof_Leo_Wittwer_Corner-scaled.jpg 768w, https:\/\/res.cloudinary.com\/leowittwer\/f_auto\/w_706\/website_media\/Dodenhof_Leo_Wittwer_Corner-scaled.jpg 706w, https:\/\/res.cloudinary.com\/leowittwer\/f_auto\/w_1412\/website_media\/Dodenhof_Leo_Wittwer_Corner-scaled.jpg 1412w, https:\/\/res.cloudinary.com\/leowittwer\/f_auto\/w_1883\/website_media\/Dodenhof_Leo_Wittwer_Corner-scaled.jpg 1883w, https:\/\/res.cloudinary.com\/leowittwer\/f_auto\/w_600\/website_media\/Dodenhof_Leo_Wittwer_Corner-scaled.jpg 600w\" sizes=\"(max-width: 2354px) 100vw, 2354px\" \/>      <\/figure>\n        <div class=\"teaser-tile__caption\">\n      <h2 class=\"teaser-tile__caption-title\">Fachh\u00e4ndlersuche<\/h2>\n      <div class=\"teaser-tile__caption-subtitle\">Unsere Juwelier-Partner<\/div>\n    <\/div>\n    <div class=\"teaser-tile__content\">\n      \n    <\/div>\n          <div class=\"teaser-tile__actions\">\n        <a href=\"https:\/\/leowittwer.de\/kontakt\/fachhaendler\/\"\n           class=\"teaser-tile__button\">Jetzt entdecken<\/a>\n      <\/div>\n      <\/div>\n<\/div>\n<\/div>\t\t\t\t<\/div>\n\t\t\t\t<\/div>\n\t\t\t\t\t<\/div>\n\t\t<\/div>\n\t\t\t\t<div class=\"elementor-column elementor-col-50 elementor-inner-column elementor-element elementor-element-47efaf5\" data-id=\"47efaf5\" data-element_type=\"column\">\n\t\t\t<div class=\"elementor-widget-wrap elementor-element-populated\">\n\t\t\t\t\t\t<div class=\"elementor-element elementor-element-5d08a81 elementor-widget elementor-widget-lw-teaser-tile\" data-id=\"5d08a81\" data-element_type=\"widget\" data-widget_type=\"lw-teaser-tile.default\">\n\t\t\t\t<div class=\"elementor-widget-container\">\n\t\t\t\t\t<div class=\"teaser-tile-single\"><div\n      class=\" teaser-tile teaser-tile--img-pos-cb\" data-allow-hover=\"no\" data-hover-on-click=\"no\"\n   >\n  <div class=\"teaser-tile__inner-wrapper\">\n          <figure class=\"teaser-tile__img-wrapper\">\n        \n        \n        <img loading=\"lazy\" decoding=\"async\" width=\"800\" height=\"533\" src=\"https:\/\/res.cloudinary.com\/leowittwer\/f_auto\/w_800%2Ch_533%2Cc_fit\/website_media\/WineAwards2016_0148.jpg\" class=\"teaser-tile__img\" alt=\"\" srcset=\"https:\/\/res.cloudinary.com\/leowittwer\/f_auto\/w_300\/website_media\/WineAwards2016_0148.jpg 300w, https:\/\/res.cloudinary.com\/leowittwer\/f_auto\/w_768\/website_media\/WineAwards2016_0148.jpg 768w, https:\/\/res.cloudinary.com\/leowittwer\/f_auto\/w_1536\/website_media\/WineAwards2016_0148.jpg 1536w, https:\/\/res.cloudinary.com\/leowittwer\/f_auto\/w_2048\/website_media\/WineAwards2016_0148.jpg 2048w, https:\/\/res.cloudinary.com\/leowittwer\/f_auto\/w_600\/website_media\/WineAwards2016_0148.jpg 600w, https:\/\/res.cloudinary.com\/leowittwer\/f_auto\/w_800\/website_media\/WineAwards2016_0148.jpg 800w\" sizes=\"(max-width: 800px) 100vw, 800px\" \/>      <\/figure>\n        <div class=\"teaser-tile__caption\">\n      <h2 class=\"teaser-tile__caption-title\">Events<\/h2>\n      <div class=\"teaser-tile__caption-subtitle\">Eine Welt voller Gen\u00fcsse<\/div>\n    <\/div>\n    <div class=\"teaser-tile__content\">\n      \n    <\/div>\n          <div class=\"teaser-tile__actions\">\n        <a href=\"https:\/\/leowittwer.de\/events\/\"\n           class=\"teaser-tile__button\">Jetzt entdecken<\/a>\n      <\/div>\n      <\/div>\n<\/div>\n<\/div>\t\t\t\t<\/div>\n\t\t\t\t<\/div>\n\t\t\t\t\t<\/div>\n\t\t<\/div>\n\t\t\t\t\t<\/div>\n\t\t<\/section>\n\t\t\t\t\t<\/div>\n\t\t<\/div>\n\t\t\t\t\t<\/div>\n\t\t<\/section>\n\t\t\t\t<\/div>\n\t\t","protected":false},"excerpt":{"rendered":"<p>Geschichte Familienunternehmen seit 1920 Mehr erfahren Handwerkskunst Die Entstehung eines Schmuckst\u00fccks mehr erfahren Fachh\u00e4ndlersuche Unsere Juwelier-Partner Jetzt entdecken Events Eine Welt voller Gen\u00fcsse Jetzt entdecken<\/p>\n","protected":false},"author":1,"featured_media":0,"parent":0,"menu_order":0,"comment_status":"closed","ping_status":"closed","template":"","meta":{"_acf_changed":false,"inline_featured_image":false,"footnotes":""},"class_list":["post-5145","page","type-page","status-publish","hentry"],"acf":[],"yoast_head":"<!-- This site is optimized with the Yoast SEO plugin v27.5 - https:\/\/yoast.com\/product\/yoast-seo-wordpress\/ -->\n<title>Manufacture - Leo Wittwer<\/title>\n<meta name=\"robots\" content=\"index, follow, max-snippet:-1, max-image-preview:large, max-video-preview:-1\" \/>\n<link rel=\"canonical\" href=\"https:\/\/leowittwer.de\/en\/manufacture\/\" \/>\n<meta property=\"og:locale\" content=\"en_US\" \/>\n<meta property=\"og:type\" content=\"article\" \/>\n<meta property=\"og:title\" content=\"Manufacture - Leo Wittwer\" \/>\n<meta property=\"og:description\" content=\"Geschichte Familienunternehmen seit 1920 Mehr erfahren Handwerkskunst Die Entstehung eines Schmuckst\u00fccks mehr erfahren Fachh\u00e4ndlersuche Unsere Juwelier-Partner Jetzt entdecken Events Eine Welt voller Gen\u00fcsse Jetzt entdecken\" \/>\n<meta property=\"og:url\" content=\"https:\/\/leowittwer.de\/en\/manufacture\/\" \/>\n<meta property=\"og:site_name\" content=\"Leo Wittwer\" \/>\n<meta property=\"article:publisher\" content=\"https:\/\/www.facebook.com\/LeoWittwerLounge\" \/>\n<meta property=\"article:modified_time\" content=\"2020-11-13T10:32:34+00:00\" \/>\n<meta property=\"og:image\" content=\"https:\/\/res.cloudinary.com\/leowittwer\/w_960,h_720,c_fit\/website_media\/diemanufaktur_Geschichte_960x570-1.jpg\" \/>\n<meta name=\"twitter:card\" content=\"summary_large_image\" \/>\n<meta name=\"twitter:site\" content=\"@Leo_Wittwer\" \/>\n<script type=\"application\/ld+json\" class=\"yoast-schema-graph\">{\"@context\":\"https:\\\/\\\/schema.org\",\"@graph\":[{\"@type\":\"WebPage\",\"@id\":\"https:\\\/\\\/leowittwer.de\\\/en\\\/manufacture\\\/\",\"url\":\"https:\\\/\\\/leowittwer.de\\\/en\\\/manufacture\\\/\",\"name\":\"Manufacture - Leo Wittwer\",\"isPartOf\":{\"@id\":\"https:\\\/\\\/leowittwer.de\\\/en\\\/#website\"},\"primaryImageOfPage\":{\"@id\":\"https:\\\/\\\/leowittwer.de\\\/en\\\/manufacture\\\/#primaryimage\"},\"image\":{\"@id\":\"https:\\\/\\\/leowittwer.de\\\/en\\\/manufacture\\\/#primaryimage\"},\"thumbnailUrl\":\"https:\\\/\\\/res.cloudinary.com\\\/leowittwer\\\/w_960,h_720,c_fit\\\/website_media\\\/diemanufaktur_Geschichte_960x570-1.jpg\",\"datePublished\":\"2020-10-02T11:24:05+00:00\",\"dateModified\":\"2020-11-13T10:32:34+00:00\",\"breadcrumb\":{\"@id\":\"https:\\\/\\\/leowittwer.de\\\/en\\\/manufacture\\\/#breadcrumb\"},\"inLanguage\":\"en-US\",\"potentialAction\":[{\"@type\":\"ReadAction\",\"target\":[\"https:\\\/\\\/leowittwer.de\\\/en\\\/manufacture\\\/\"]}]},{\"@type\":\"ImageObject\",\"inLanguage\":\"en-US\",\"@id\":\"https:\\\/\\\/leowittwer.de\\\/en\\\/manufacture\\\/#primaryimage\",\"url\":\"https:\\\/\\\/res.cloudinary.com\\\/leowittwer\\\/w_960,h_720,c_fit\\\/website_media\\\/diemanufaktur_Geschichte_960x570-1.jpg\",\"contentUrl\":\"https:\\\/\\\/res.cloudinary.com\\\/leowittwer\\\/w_960,h_720,c_fit\\\/website_media\\\/diemanufaktur_Geschichte_960x570-1.jpg\"},{\"@type\":\"BreadcrumbList\",\"@id\":\"https:\\\/\\\/leowittwer.de\\\/en\\\/manufacture\\\/#breadcrumb\",\"itemListElement\":[{\"@type\":\"ListItem\",\"position\":1,\"name\":\"Home\",\"item\":\"https:\\\/\\\/leowittwer.de\\\/en\\\/\"},{\"@type\":\"ListItem\",\"position\":2,\"name\":\"Manufacture\"}]},{\"@type\":\"WebSite\",\"@id\":\"https:\\\/\\\/leowittwer.de\\\/en\\\/#website\",\"url\":\"https:\\\/\\\/leowittwer.de\\\/en\\\/\",\"name\":\"Leo Wittwer\",\"description\":\"finest jewellery since 1920\",\"publisher\":{\"@id\":\"https:\\\/\\\/leowittwer.de\\\/en\\\/#organization\"},\"potentialAction\":[{\"@type\":\"SearchAction\",\"target\":{\"@type\":\"EntryPoint\",\"urlTemplate\":\"https:\\\/\\\/leowittwer.de\\\/en\\\/?s={search_term_string}\"},\"query-input\":{\"@type\":\"PropertyValueSpecification\",\"valueRequired\":true,\"valueName\":\"search_term_string\"}}],\"inLanguage\":\"en-US\"},{\"@type\":\"Organization\",\"@id\":\"https:\\\/\\\/leowittwer.de\\\/en\\\/#organization\",\"name\":\"Leo Wittwer\",\"url\":\"https:\\\/\\\/leowittwer.de\\\/en\\\/\",\"logo\":{\"@type\":\"ImageObject\",\"inLanguage\":\"en-US\",\"@id\":\"https:\\\/\\\/leowittwer.de\\\/en\\\/#\\\/schema\\\/logo\\\/image\\\/\",\"url\":\"https:\\\/\\\/res.cloudinary.com\\\/leowittwer\\\/f_auto,w_256,h_79,c_fit\\\/website_media\\\/logo-charcoal_256.png\",\"contentUrl\":\"https:\\\/\\\/res.cloudinary.com\\\/leowittwer\\\/f_auto,w_256,h_79,c_fit\\\/website_media\\\/logo-charcoal_256.png\",\"width\":256,\"height\":79,\"caption\":\"Leo Wittwer\"},\"image\":{\"@id\":\"https:\\\/\\\/leowittwer.de\\\/en\\\/#\\\/schema\\\/logo\\\/image\\\/\"},\"sameAs\":[\"https:\\\/\\\/www.facebook.com\\\/LeoWittwerLounge\",\"https:\\\/\\\/x.com\\\/Leo_Wittwer\",\"https:\\\/\\\/www.instagram.com\\\/leo_wittwer\\\/\",\"https:\\\/\\\/www.linkedin.com\\\/company\\\/leowittwer\",\"https:\\\/\\\/www.pinterest.de\\\/leowittwer\\\/\"]}]}<\/script>\n<!-- \/ Yoast SEO plugin. -->","yoast_head_json":{"title":"Manufacture - Leo Wittwer","robots":{"index":"index","follow":"follow","max-snippet":"max-snippet:-1","max-image-preview":"max-image-preview:large","max-video-preview":"max-video-preview:-1"},"canonical":"https:\/\/leowittwer.de\/en\/manufacture\/","og_locale":"en_US","og_type":"article","og_title":"Manufacture - Leo Wittwer","og_description":"Geschichte Familienunternehmen seit 1920 Mehr erfahren Handwerkskunst Die Entstehung eines Schmuckst\u00fccks mehr erfahren Fachh\u00e4ndlersuche Unsere Juwelier-Partner Jetzt entdecken Events Eine Welt voller Gen\u00fcsse Jetzt entdecken","og_url":"https:\/\/leowittwer.de\/en\/manufacture\/","og_site_name":"Leo Wittwer","article_publisher":"https:\/\/www.facebook.com\/LeoWittwerLounge","article_modified_time":"2020-11-13T10:32:34+00:00","og_image":[{"url":"https:\/\/res.cloudinary.com\/leowittwer\/w_960,h_720,c_fit\/website_media\/diemanufaktur_Geschichte_960x570-1.jpg","type":"","width":"","height":""}],"twitter_card":"summary_large_image","twitter_site":"@Leo_Wittwer","schema":{"@context":"https:\/\/schema.org","@graph":[{"@type":"WebPage","@id":"https:\/\/leowittwer.de\/en\/manufacture\/","url":"https:\/\/leowittwer.de\/en\/manufacture\/","name":"Manufacture - Leo Wittwer","isPartOf":{"@id":"https:\/\/leowittwer.de\/en\/#website"},"primaryImageOfPage":{"@id":"https:\/\/leowittwer.de\/en\/manufacture\/#primaryimage"},"image":{"@id":"https:\/\/leowittwer.de\/en\/manufacture\/#primaryimage"},"thumbnailUrl":"https:\/\/res.cloudinary.com\/leowittwer\/w_960,h_720,c_fit\/website_media\/diemanufaktur_Geschichte_960x570-1.jpg","datePublished":"2020-10-02T11:24:05+00:00","dateModified":"2020-11-13T10:32:34+00:00","breadcrumb":{"@id":"https:\/\/leowittwer.de\/en\/manufacture\/#breadcrumb"},"inLanguage":"en-US","potentialAction":[{"@type":"ReadAction","target":["https:\/\/leowittwer.de\/en\/manufacture\/"]}]},{"@type":"ImageObject","inLanguage":"en-US","@id":"https:\/\/leowittwer.de\/en\/manufacture\/#primaryimage","url":"https:\/\/res.cloudinary.com\/leowittwer\/w_960,h_720,c_fit\/website_media\/diemanufaktur_Geschichte_960x570-1.jpg","contentUrl":"https:\/\/res.cloudinary.com\/leowittwer\/w_960,h_720,c_fit\/website_media\/diemanufaktur_Geschichte_960x570-1.jpg"},{"@type":"BreadcrumbList","@id":"https:\/\/leowittwer.de\/en\/manufacture\/#breadcrumb","itemListElement":[{"@type":"ListItem","position":1,"name":"Home","item":"https:\/\/leowittwer.de\/en\/"},{"@type":"ListItem","position":2,"name":"Manufacture"}]},{"@type":"WebSite","@id":"https:\/\/leowittwer.de\/en\/#website","url":"https:\/\/leowittwer.de\/en\/","name":"Leo Wittwer","description":"finest jewellery since 1920","publisher":{"@id":"https:\/\/leowittwer.de\/en\/#organization"},"potentialAction":[{"@type":"SearchAction","target":{"@type":"EntryPoint","urlTemplate":"https:\/\/leowittwer.de\/en\/?s={search_term_string}"},"query-input":{"@type":"PropertyValueSpecification","valueRequired":true,"valueName":"search_term_string"}}],"inLanguage":"en-US"},{"@type":"Organization","@id":"https:\/\/leowittwer.de\/en\/#organization","name":"Leo Wittwer","url":"https:\/\/leowittwer.de\/en\/","logo":{"@type":"ImageObject","inLanguage":"en-US","@id":"https:\/\/leowittwer.de\/en\/#\/schema\/logo\/image\/","url":"https:\/\/res.cloudinary.com\/leowittwer\/f_auto,w_256,h_79,c_fit\/website_media\/logo-charcoal_256.png","contentUrl":"https:\/\/res.cloudinary.com\/leowittwer\/f_auto,w_256,h_79,c_fit\/website_media\/logo-charcoal_256.png","width":256,"height":79,"caption":"Leo Wittwer"},"image":{"@id":"https:\/\/leowittwer.de\/en\/#\/schema\/logo\/image\/"},"sameAs":["https:\/\/www.facebook.com\/LeoWittwerLounge","https:\/\/x.com\/Leo_Wittwer","https:\/\/www.instagram.com\/leo_wittwer\/","https:\/\/www.linkedin.com\/company\/leowittwer","https:\/\/www.pinterest.de\/leowittwer\/"]}]}},"_links":{"self":[{"href":"https:\/\/leowittwer.de\/en\/wp-json\/wp\/v2\/pages\/5145","targetHints":{"allow":["GET"]}}],"collection":[{"href":"https:\/\/leowittwer.de\/en\/wp-json\/wp\/v2\/pages"}],"about":[{"href":"https:\/\/leowittwer.de\/en\/wp-json\/wp\/v2\/types\/page"}],"author":[{"embeddable":true,"href":"https:\/\/leowittwer.de\/en\/wp-json\/wp\/v2\/users\/1"}],"replies":[{"embeddable":true,"href":"https:\/\/leowittwer.de\/en\/wp-json\/wp\/v2\/comments?post=5145"}],"version-history":[{"count":0,"href":"https:\/\/leowittwer.de\/en\/wp-json\/wp\/v2\/pages\/5145\/revisions"}],"wp:attachment":[{"href":"https:\/\/leowittwer.de\/en\/wp-json\/wp\/v2\/media?parent=5145"}],"curies":[{"name":"wp","href":"https:\/\/api.w.org\/{rel}","templated":true}]}}