{"id":10524,"date":"2025-04-22T18:40:46","date_gmt":"2025-04-22T16:40:46","guid":{"rendered":"https:\/\/leowittwer.de\/products\/21-1036973-5000\/"},"modified":"2026-03-25T00:05:08","modified_gmt":"2026-03-24T23:05:08","slug":"21-1036973-5000","status":"publish","type":"product","link":"https:\/\/leowittwer.de\/en\/products\/21-1036973-5000\/","title":{"rendered":"The UItimate Anh\u00e4nger"},"content":{"rendered":"<p>Das Kreuz ist seit mehr als 100 Jahren ein Markenzeichen von Leo Wittwer und hat durch Creative Director Frank Maier zu immer wieder neuen Formen gefunden, die es zu einem unverwechselbaren und international gefragten Klassiker machen. Diese attraktive Variante aus der Linie The Ultimate zelebriert die hohe Juwelenkunst, die Freude, Luxus und Exklusivit\u00e4t in den Alltag bringt.<\/p>\n","protected":false},"excerpt":{"rendered":"<p>Dieser elegante Kreuzanh\u00e4nger ist ein Ausdruck von purem Luxus. Er tr\u00e4gt die Handschrift der exklusiven Ultimate Linie, die die hohe Juwelenkunst von Leo Wittwer mit exquisitem Design verbindet. Die Goldelemente werden in einem aufw\u00e4ndigen Verfahren bearbeitet, das den Eindruck einer zus\u00e4tzlichen Facette erschafft. In einem langen Entwicklungsprozess entstand eine ausgekl\u00fcgelte Fasstechnik, welche die Illusion erzeugt, dass das Schmuckst\u00fcck vollkommen aus Diamanten besteht. Die Sch\u00f6nheit der naturbraunen Diamanten wirkt unendlich und verleiht dem Anh\u00e4nger seinen unwiderstehlichen Charakter.\u00a0<\/p>\n","protected":false},"featured_media":10122,"template":"","meta":{"_acf_changed":false,"inline_featured_image":false},"lw_product_feature":[780],"lw_line":[87],"lw_selection":[],"product_brand":[],"product_cat":[107,845,416],"product_tag":[863],"lw_product_variation":[],"lw_product_set":[],"class_list":{"0":"post-10524","1":"product","2":"type-product","3":"status-publish","4":"has-post-thumbnail","6":"lw_product_feature-rosegold-en","7":"lw_line-candlelight-en","8":"product_cat-jewellery-en","9":"product_cat-neck-jewellery","10":"product_cat-pendant","11":"product_tag-ultimate-en","13":"first","14":"instock","15":"sold-individually","16":"shipping-taxable","17":"purchasable","18":"product-type-simple"},"acf":[],"gallery_images":[],"yoast_head":"<!-- This site is optimized with the Yoast SEO plugin v27.5 - https:\/\/yoast.com\/product\/yoast-seo-wordpress\/ -->\n<title>The UItimate Anh\u00e4nger - Leo Wittwer<\/title>\n<meta name=\"robots\" content=\"index, follow, max-snippet:-1, max-image-preview:large, max-video-preview:-1\" \/>\n<link rel=\"canonical\" href=\"https:\/\/leowittwer.de\/en\/products\/21-1036973-5000\/\" \/>\n<meta property=\"og:locale\" content=\"en_US\" \/>\n<meta property=\"og:type\" content=\"article\" \/>\n<meta property=\"og:title\" content=\"The UItimate Anh\u00e4nger - Leo Wittwer\" \/>\n<meta property=\"og:description\" content=\"Dieser elegante Kreuzanh\u00e4nger ist ein Ausdruck von purem Luxus. Er tr\u00e4gt die Handschrift der exklusiven Ultimate Linie, die die hohe Juwelenkunst von Leo Wittwer mit exquisitem Design verbindet. Die Goldelemente werden in einem aufw\u00e4ndigen Verfahren bearbeitet, das den Eindruck einer zus\u00e4tzlichen Facette erschafft. In einem langen Entwicklungsprozess entstand eine ausgekl\u00fcgelte Fasstechnik, welche die Illusion erzeugt, dass das Schmuckst\u00fcck vollkommen aus Diamanten besteht. Die Sch\u00f6nheit der naturbraunen Diamanten wirkt unendlich und verleiht dem Anh\u00e4nger seinen unwiderstehlichen Charakter.\u00a0\" \/>\n<meta property=\"og:url\" content=\"https:\/\/leowittwer.de\/en\/products\/21-1036973-5000\/\" \/>\n<meta property=\"og:site_name\" content=\"Leo Wittwer\" \/>\n<meta property=\"article:publisher\" content=\"https:\/\/www.facebook.com\/LeoWittwerLounge\" \/>\n<meta property=\"article:modified_time\" content=\"2026-03-24T23:05:08+00:00\" \/>\n<meta property=\"og:image\" content=\"https:\/\/res.cloudinary.com\/leowittwer\/f_auto\/w_2000%2Ch_2000%2Cc_fit\/website_media\/21-1036973-5000.png\" \/>\n\t<meta property=\"og:image:width\" content=\"2000\" \/>\n\t<meta property=\"og:image:height\" content=\"2000\" \/>\n\t<meta property=\"og:image:type\" content=\"image\/png\" \/>\n<meta name=\"twitter:card\" content=\"summary_large_image\" \/>\n<meta name=\"twitter:site\" content=\"@Leo_Wittwer\" \/>\n<script type=\"application\/ld+json\" class=\"yoast-schema-graph\">{\"@context\":\"https:\\\/\\\/schema.org\",\"@graph\":[{\"@type\":\"WebPage\",\"@id\":\"https:\\\/\\\/leowittwer.de\\\/en\\\/products\\\/21-1036973-5000\\\/\",\"url\":\"https:\\\/\\\/leowittwer.de\\\/en\\\/products\\\/21-1036973-5000\\\/\",\"name\":\"The UItimate Anh\u00e4nger - Leo Wittwer\",\"isPartOf\":{\"@id\":\"https:\\\/\\\/leowittwer.de\\\/en\\\/#website\"},\"primaryImageOfPage\":{\"@id\":\"https:\\\/\\\/leowittwer.de\\\/en\\\/products\\\/21-1036973-5000\\\/#primaryimage\"},\"image\":{\"@id\":\"https:\\\/\\\/leowittwer.de\\\/en\\\/products\\\/21-1036973-5000\\\/#primaryimage\"},\"thumbnailUrl\":\"https:\\\/\\\/res.cloudinary.com\\\/leowittwer\\\/f_auto\\\/w_2000%2Ch_2000%2Cc_fit\\\/website_media\\\/21-1036973-5000.png\",\"datePublished\":\"2025-04-22T16:40:46+00:00\",\"dateModified\":\"2026-03-24T23:05:08+00:00\",\"breadcrumb\":{\"@id\":\"https:\\\/\\\/leowittwer.de\\\/en\\\/products\\\/21-1036973-5000\\\/#breadcrumb\"},\"inLanguage\":\"en-US\",\"potentialAction\":[{\"@type\":\"ReadAction\",\"target\":[\"https:\\\/\\\/leowittwer.de\\\/en\\\/products\\\/21-1036973-5000\\\/\"]}]},{\"@type\":\"ImageObject\",\"inLanguage\":\"en-US\",\"@id\":\"https:\\\/\\\/leowittwer.de\\\/en\\\/products\\\/21-1036973-5000\\\/#primaryimage\",\"url\":\"https:\\\/\\\/res.cloudinary.com\\\/leowittwer\\\/f_auto\\\/w_2000%2Ch_2000%2Cc_fit\\\/website_media\\\/21-1036973-5000.png\",\"contentUrl\":\"https:\\\/\\\/res.cloudinary.com\\\/leowittwer\\\/f_auto\\\/w_2000%2Ch_2000%2Cc_fit\\\/website_media\\\/21-1036973-5000.png\",\"width\":2000,\"height\":2000},{\"@type\":\"BreadcrumbList\",\"@id\":\"https:\\\/\\\/leowittwer.de\\\/en\\\/products\\\/21-1036973-5000\\\/#breadcrumb\",\"itemListElement\":[{\"@type\":\"ListItem\",\"position\":1,\"name\":\"Home\",\"item\":\"https:\\\/\\\/leowittwer.de\\\/en\\\/\"},{\"@type\":\"ListItem\",\"position\":2,\"name\":\"Boutique\",\"item\":\"https:\\\/\\\/leowittwer.de\\\/en\\\/boutique\\\/\"},{\"@type\":\"ListItem\",\"position\":3,\"name\":\"The UItimate Anh\u00e4nger\"}]},{\"@type\":\"WebSite\",\"@id\":\"https:\\\/\\\/leowittwer.de\\\/en\\\/#website\",\"url\":\"https:\\\/\\\/leowittwer.de\\\/en\\\/\",\"name\":\"Leo Wittwer\",\"description\":\"finest jewellery since 1920\",\"publisher\":{\"@id\":\"https:\\\/\\\/leowittwer.de\\\/en\\\/#organization\"},\"potentialAction\":[{\"@type\":\"SearchAction\",\"target\":{\"@type\":\"EntryPoint\",\"urlTemplate\":\"https:\\\/\\\/leowittwer.de\\\/en\\\/?s={search_term_string}\"},\"query-input\":{\"@type\":\"PropertyValueSpecification\",\"valueRequired\":true,\"valueName\":\"search_term_string\"}}],\"inLanguage\":\"en-US\"},{\"@type\":\"Organization\",\"@id\":\"https:\\\/\\\/leowittwer.de\\\/en\\\/#organization\",\"name\":\"Leo Wittwer\",\"url\":\"https:\\\/\\\/leowittwer.de\\\/en\\\/\",\"logo\":{\"@type\":\"ImageObject\",\"inLanguage\":\"en-US\",\"@id\":\"https:\\\/\\\/leowittwer.de\\\/en\\\/#\\\/schema\\\/logo\\\/image\\\/\",\"url\":\"https:\\\/\\\/res.cloudinary.com\\\/leowittwer\\\/f_auto,w_256,h_79,c_fit\\\/website_media\\\/logo-charcoal_256.png\",\"contentUrl\":\"https:\\\/\\\/res.cloudinary.com\\\/leowittwer\\\/f_auto,w_256,h_79,c_fit\\\/website_media\\\/logo-charcoal_256.png\",\"width\":256,\"height\":79,\"caption\":\"Leo Wittwer\"},\"image\":{\"@id\":\"https:\\\/\\\/leowittwer.de\\\/en\\\/#\\\/schema\\\/logo\\\/image\\\/\"},\"sameAs\":[\"https:\\\/\\\/www.facebook.com\\\/LeoWittwerLounge\",\"https:\\\/\\\/x.com\\\/Leo_Wittwer\",\"https:\\\/\\\/www.instagram.com\\\/leo_wittwer\\\/\",\"https:\\\/\\\/www.linkedin.com\\\/company\\\/leowittwer\",\"https:\\\/\\\/www.pinterest.de\\\/leowittwer\\\/\"]}]}<\/script>\n<!-- \/ Yoast SEO plugin. -->","yoast_head_json":{"title":"The UItimate Anh\u00e4nger - Leo Wittwer","robots":{"index":"index","follow":"follow","max-snippet":"max-snippet:-1","max-image-preview":"max-image-preview:large","max-video-preview":"max-video-preview:-1"},"canonical":"https:\/\/leowittwer.de\/en\/products\/21-1036973-5000\/","og_locale":"en_US","og_type":"article","og_title":"The UItimate Anh\u00e4nger - Leo Wittwer","og_description":"Dieser elegante Kreuzanh\u00e4nger ist ein Ausdruck von purem Luxus. Er tr\u00e4gt die Handschrift der exklusiven Ultimate Linie, die die hohe Juwelenkunst von Leo Wittwer mit exquisitem Design verbindet. Die Goldelemente werden in einem aufw\u00e4ndigen Verfahren bearbeitet, das den Eindruck einer zus\u00e4tzlichen Facette erschafft. In einem langen Entwicklungsprozess entstand eine ausgekl\u00fcgelte Fasstechnik, welche die Illusion erzeugt, dass das Schmuckst\u00fcck vollkommen aus Diamanten besteht. Die Sch\u00f6nheit der naturbraunen Diamanten wirkt unendlich und verleiht dem Anh\u00e4nger seinen unwiderstehlichen Charakter.\u00a0","og_url":"https:\/\/leowittwer.de\/en\/products\/21-1036973-5000\/","og_site_name":"Leo Wittwer","article_publisher":"https:\/\/www.facebook.com\/LeoWittwerLounge","article_modified_time":"2026-03-24T23:05:08+00:00","og_image":[{"width":2000,"height":2000,"url":"https:\/\/res.cloudinary.com\/leowittwer\/f_auto\/w_2000%2Ch_2000%2Cc_fit\/website_media\/21-1036973-5000.png","type":"image\/png"}],"twitter_card":"summary_large_image","twitter_site":"@Leo_Wittwer","schema":{"@context":"https:\/\/schema.org","@graph":[{"@type":"WebPage","@id":"https:\/\/leowittwer.de\/en\/products\/21-1036973-5000\/","url":"https:\/\/leowittwer.de\/en\/products\/21-1036973-5000\/","name":"The UItimate Anh\u00e4nger - Leo Wittwer","isPartOf":{"@id":"https:\/\/leowittwer.de\/en\/#website"},"primaryImageOfPage":{"@id":"https:\/\/leowittwer.de\/en\/products\/21-1036973-5000\/#primaryimage"},"image":{"@id":"https:\/\/leowittwer.de\/en\/products\/21-1036973-5000\/#primaryimage"},"thumbnailUrl":"https:\/\/res.cloudinary.com\/leowittwer\/f_auto\/w_2000%2Ch_2000%2Cc_fit\/website_media\/21-1036973-5000.png","datePublished":"2025-04-22T16:40:46+00:00","dateModified":"2026-03-24T23:05:08+00:00","breadcrumb":{"@id":"https:\/\/leowittwer.de\/en\/products\/21-1036973-5000\/#breadcrumb"},"inLanguage":"en-US","potentialAction":[{"@type":"ReadAction","target":["https:\/\/leowittwer.de\/en\/products\/21-1036973-5000\/"]}]},{"@type":"ImageObject","inLanguage":"en-US","@id":"https:\/\/leowittwer.de\/en\/products\/21-1036973-5000\/#primaryimage","url":"https:\/\/res.cloudinary.com\/leowittwer\/f_auto\/w_2000%2Ch_2000%2Cc_fit\/website_media\/21-1036973-5000.png","contentUrl":"https:\/\/res.cloudinary.com\/leowittwer\/f_auto\/w_2000%2Ch_2000%2Cc_fit\/website_media\/21-1036973-5000.png","width":2000,"height":2000},{"@type":"BreadcrumbList","@id":"https:\/\/leowittwer.de\/en\/products\/21-1036973-5000\/#breadcrumb","itemListElement":[{"@type":"ListItem","position":1,"name":"Home","item":"https:\/\/leowittwer.de\/en\/"},{"@type":"ListItem","position":2,"name":"Boutique","item":"https:\/\/leowittwer.de\/en\/boutique\/"},{"@type":"ListItem","position":3,"name":"The UItimate Anh\u00e4nger"}]},{"@type":"WebSite","@id":"https:\/\/leowittwer.de\/en\/#website","url":"https:\/\/leowittwer.de\/en\/","name":"Leo Wittwer","description":"finest jewellery since 1920","publisher":{"@id":"https:\/\/leowittwer.de\/en\/#organization"},"potentialAction":[{"@type":"SearchAction","target":{"@type":"EntryPoint","urlTemplate":"https:\/\/leowittwer.de\/en\/?s={search_term_string}"},"query-input":{"@type":"PropertyValueSpecification","valueRequired":true,"valueName":"search_term_string"}}],"inLanguage":"en-US"},{"@type":"Organization","@id":"https:\/\/leowittwer.de\/en\/#organization","name":"Leo Wittwer","url":"https:\/\/leowittwer.de\/en\/","logo":{"@type":"ImageObject","inLanguage":"en-US","@id":"https:\/\/leowittwer.de\/en\/#\/schema\/logo\/image\/","url":"https:\/\/res.cloudinary.com\/leowittwer\/f_auto,w_256,h_79,c_fit\/website_media\/logo-charcoal_256.png","contentUrl":"https:\/\/res.cloudinary.com\/leowittwer\/f_auto,w_256,h_79,c_fit\/website_media\/logo-charcoal_256.png","width":256,"height":79,"caption":"Leo Wittwer"},"image":{"@id":"https:\/\/leowittwer.de\/en\/#\/schema\/logo\/image\/"},"sameAs":["https:\/\/www.facebook.com\/LeoWittwerLounge","https:\/\/x.com\/Leo_Wittwer","https:\/\/www.instagram.com\/leo_wittwer\/","https:\/\/www.linkedin.com\/company\/leowittwer","https:\/\/www.pinterest.de\/leowittwer\/"]}]}},"_links":{"self":[{"href":"https:\/\/leowittwer.de\/en\/wp-json\/wp\/v2\/product\/10524","targetHints":{"allow":["GET"]}}],"collection":[{"href":"https:\/\/leowittwer.de\/en\/wp-json\/wp\/v2\/product"}],"about":[{"href":"https:\/\/leowittwer.de\/en\/wp-json\/wp\/v2\/types\/product"}],"wp:featuredmedia":[{"embeddable":true,"href":"https:\/\/leowittwer.de\/en\/wp-json\/wp\/v2\/media\/10122"}],"wp:attachment":[{"href":"https:\/\/leowittwer.de\/en\/wp-json\/wp\/v2\/media?parent=10524"}],"wp:term":[{"taxonomy":"lw_product_feature","embeddable":true,"href":"https:\/\/leowittwer.de\/en\/wp-json\/wp\/v2\/lw_product_feature?post=10524"},{"taxonomy":"lw_line","embeddable":true,"href":"https:\/\/leowittwer.de\/en\/wp-json\/wp\/v2\/lw_line?post=10524"},{"taxonomy":"lw_selection","embeddable":true,"href":"https:\/\/leowittwer.de\/en\/wp-json\/wp\/v2\/lw_selection?post=10524"},{"taxonomy":"product_brand","embeddable":true,"href":"https:\/\/leowittwer.de\/en\/wp-json\/wp\/v2\/product_brand?post=10524"},{"taxonomy":"product_cat","embeddable":true,"href":"https:\/\/leowittwer.de\/en\/wp-json\/wp\/v2\/product_cat?post=10524"},{"taxonomy":"product_tag","embeddable":true,"href":"https:\/\/leowittwer.de\/en\/wp-json\/wp\/v2\/product_tag?post=10524"},{"taxonomy":"lw_product_variation","embeddable":true,"href":"https:\/\/leowittwer.de\/en\/wp-json\/wp\/v2\/lw_product_variation?post=10524"},{"taxonomy":"lw_product_set","embeddable":true,"href":"https:\/\/leowittwer.de\/en\/wp-json\/wp\/v2\/lw_product_set?post=10524"}],"curies":[{"name":"wp","href":"https:\/\/api.w.org\/{rel}","templated":true}]}}