{"id":10577,"date":"2025-06-11T15:17:38","date_gmt":"2025-06-11T13:17:38","guid":{"rendered":"https:\/\/leowittwer.de\/products\/62-10404xx-1\/"},"modified":"2026-03-25T00:10:59","modified_gmt":"2026-03-24T23:10:59","slug":"62-10404xx-1","status":"publish","type":"product","link":"https:\/\/leowittwer.de\/en\/products\/62-10404xx-1\/","title":{"rendered":"Le Tonneau Armband Mini"},"content":{"rendered":"<p>Leo Wittwer bietet die M\u00f6glichkeit, den gew\u00fcnschten Look des Le Tonneau Armbandes selbst zu kreieren. Das Highlight im Le Tonneau Style, das mit wei\u00dfen Naturdiamanten verziert ist, wird auf Wunsch aus Wei\u00dfgold, Gelbgold oder Ros\u00e9gold gefertigt. Das Zugband aus Paracord ist in Beige, Blau, Gr\u00fcn, Rot, Schwarz oder Taupe erh\u00e4ltlich.<\/p>\n","protected":false},"excerpt":{"rendered":"<p>Dieses Armband vermittelt stilvolle Leichtigkeit und Eleganz. Es tr\u00e4gt die Handschrift der Le Tonneau Linie, welche die Kunst der Bewegung zelebriert, die das Farbenspiel nat\u00fcrlicher Diamanten in jeder Facette entfacht. Die Beweglichkeit der Elemente im Le-Tonneau-Stil verleiht dem Armband seinen verspielten Charme. Ein Zugband aus Paracord sorgt f\u00fcr einen l\u00e4ssigen Auftritt, der luxuri\u00f6sen Diamantschmuck zum perfekten Begleiter im Alltag macht.\u00a0<\/p>\n","protected":false},"featured_media":10255,"template":"","meta":{"_acf_changed":false,"inline_featured_image":false},"lw_product_feature":[784],"lw_line":[87],"lw_selection":[],"product_brand":[],"product_cat":[164,107,424],"product_tag":[861],"lw_product_variation":[],"lw_product_set":[],"class_list":{"0":"post-10577","1":"product","2":"type-product","3":"status-publish","4":"has-post-thumbnail","6":"lw_product_feature-diamanten-en","7":"lw_line-candlelight-en","8":"product_cat-arms-en","9":"product_cat-jewellery-en","10":"product_cat-wristband-en","11":"product_tag-le-tonneau-en","12":"pa_colours-beige-en","13":"pa_colours-blau-en-2","14":"pa_colours-gruen-en-2","15":"pa_colours-rot-en","16":"pa_colours-schwarz-en-2","17":"pa_colours-taupe-en","18":"pa_materials-750-rose-gold-en","19":"pa_materials-750-white-gold-en-en","20":"pa_materials-750-yellow-gold-en-en","22":"first","23":"instock","24":"sold-individually","25":"purchasable","26":"product-type-variable","27":"has-default-attributes"},"acf":[],"gallery_images":[],"yoast_head":"<!-- This site is optimized with the Yoast SEO plugin v27.4 - https:\/\/yoast.com\/product\/yoast-seo-wordpress\/ -->\n<title>Le Tonneau Armband Mini - Leo Wittwer<\/title>\n<meta name=\"robots\" content=\"index, follow, max-snippet:-1, max-image-preview:large, max-video-preview:-1\" \/>\n<link rel=\"canonical\" href=\"https:\/\/leowittwer.de\/en\/products\/62-10404xx-1\/\" \/>\n<meta property=\"og:locale\" content=\"en_US\" \/>\n<meta property=\"og:type\" content=\"article\" \/>\n<meta property=\"og:title\" content=\"Le Tonneau Armband Mini - Leo Wittwer\" \/>\n<meta property=\"og:description\" content=\"Dieses Armband vermittelt stilvolle Leichtigkeit und Eleganz. Es tr\u00e4gt die Handschrift der Le Tonneau Linie, welche die Kunst der Bewegung zelebriert, die das Farbenspiel nat\u00fcrlicher Diamanten in jeder Facette entfacht. Die Beweglichkeit der Elemente im Le-Tonneau-Stil verleiht dem Armband seinen verspielten Charme. Ein Zugband aus Paracord sorgt f\u00fcr einen l\u00e4ssigen Auftritt, der luxuri\u00f6sen Diamantschmuck zum perfekten Begleiter im Alltag macht.\u00a0\" \/>\n<meta property=\"og:url\" content=\"https:\/\/leowittwer.de\/en\/products\/62-10404xx-1\/\" \/>\n<meta property=\"og:site_name\" content=\"Leo Wittwer\" \/>\n<meta property=\"article:publisher\" content=\"https:\/\/www.facebook.com\/LeoWittwerLounge\" \/>\n<meta property=\"article:modified_time\" content=\"2026-03-24T23:10:59+00:00\" \/>\n<meta property=\"og:image\" content=\"https:\/\/res.cloudinary.com\/leowittwer\/f_auto\/w_2000%2Ch_2000%2Cc_fit\/website_media\/62-1040471-1400.png\" \/>\n\t<meta property=\"og:image:width\" content=\"2000\" \/>\n\t<meta property=\"og:image:height\" content=\"2000\" \/>\n\t<meta property=\"og:image:type\" content=\"image\/png\" \/>\n<meta name=\"twitter:card\" content=\"summary_large_image\" \/>\n<meta name=\"twitter:site\" content=\"@Leo_Wittwer\" \/>\n<script type=\"application\/ld+json\" class=\"yoast-schema-graph\">{\"@context\":\"https:\\\/\\\/schema.org\",\"@graph\":[{\"@type\":\"WebPage\",\"@id\":\"https:\\\/\\\/leowittwer.de\\\/en\\\/products\\\/62-10404xx-1\\\/\",\"url\":\"https:\\\/\\\/leowittwer.de\\\/en\\\/products\\\/62-10404xx-1\\\/\",\"name\":\"Le Tonneau Armband Mini - Leo Wittwer\",\"isPartOf\":{\"@id\":\"https:\\\/\\\/leowittwer.de\\\/en\\\/#website\"},\"primaryImageOfPage\":{\"@id\":\"https:\\\/\\\/leowittwer.de\\\/en\\\/products\\\/62-10404xx-1\\\/#primaryimage\"},\"image\":{\"@id\":\"https:\\\/\\\/leowittwer.de\\\/en\\\/products\\\/62-10404xx-1\\\/#primaryimage\"},\"thumbnailUrl\":\"https:\\\/\\\/res.cloudinary.com\\\/leowittwer\\\/f_auto\\\/w_2000%2Ch_2000%2Cc_fit\\\/website_media\\\/62-1040471-1400.png\",\"datePublished\":\"2025-06-11T13:17:38+00:00\",\"dateModified\":\"2026-03-24T23:10:59+00:00\",\"breadcrumb\":{\"@id\":\"https:\\\/\\\/leowittwer.de\\\/en\\\/products\\\/62-10404xx-1\\\/#breadcrumb\"},\"inLanguage\":\"en-US\",\"potentialAction\":[{\"@type\":\"ReadAction\",\"target\":[\"https:\\\/\\\/leowittwer.de\\\/en\\\/products\\\/62-10404xx-1\\\/\"]}]},{\"@type\":\"ImageObject\",\"inLanguage\":\"en-US\",\"@id\":\"https:\\\/\\\/leowittwer.de\\\/en\\\/products\\\/62-10404xx-1\\\/#primaryimage\",\"url\":\"https:\\\/\\\/res.cloudinary.com\\\/leowittwer\\\/f_auto\\\/w_2000%2Ch_2000%2Cc_fit\\\/website_media\\\/62-1040471-1400.png\",\"contentUrl\":\"https:\\\/\\\/res.cloudinary.com\\\/leowittwer\\\/f_auto\\\/w_2000%2Ch_2000%2Cc_fit\\\/website_media\\\/62-1040471-1400.png\",\"width\":2000,\"height\":2000},{\"@type\":\"BreadcrumbList\",\"@id\":\"https:\\\/\\\/leowittwer.de\\\/en\\\/products\\\/62-10404xx-1\\\/#breadcrumb\",\"itemListElement\":[{\"@type\":\"ListItem\",\"position\":1,\"name\":\"Home\",\"item\":\"https:\\\/\\\/leowittwer.de\\\/en\\\/\"},{\"@type\":\"ListItem\",\"position\":2,\"name\":\"Boutique\",\"item\":\"https:\\\/\\\/leowittwer.de\\\/en\\\/boutique\\\/\"},{\"@type\":\"ListItem\",\"position\":3,\"name\":\"Le Tonneau Armband Mini\"}]},{\"@type\":\"WebSite\",\"@id\":\"https:\\\/\\\/leowittwer.de\\\/en\\\/#website\",\"url\":\"https:\\\/\\\/leowittwer.de\\\/en\\\/\",\"name\":\"Leo Wittwer\",\"description\":\"finest jewellery since 1920\",\"publisher\":{\"@id\":\"https:\\\/\\\/leowittwer.de\\\/en\\\/#organization\"},\"potentialAction\":[{\"@type\":\"SearchAction\",\"target\":{\"@type\":\"EntryPoint\",\"urlTemplate\":\"https:\\\/\\\/leowittwer.de\\\/en\\\/?s={search_term_string}\"},\"query-input\":{\"@type\":\"PropertyValueSpecification\",\"valueRequired\":true,\"valueName\":\"search_term_string\"}}],\"inLanguage\":\"en-US\"},{\"@type\":\"Organization\",\"@id\":\"https:\\\/\\\/leowittwer.de\\\/en\\\/#organization\",\"name\":\"Leo Wittwer\",\"url\":\"https:\\\/\\\/leowittwer.de\\\/en\\\/\",\"logo\":{\"@type\":\"ImageObject\",\"inLanguage\":\"en-US\",\"@id\":\"https:\\\/\\\/leowittwer.de\\\/en\\\/#\\\/schema\\\/logo\\\/image\\\/\",\"url\":\"https:\\\/\\\/res.cloudinary.com\\\/leowittwer\\\/f_auto,w_256,h_79,c_fit\\\/website_media\\\/logo-charcoal_256.png\",\"contentUrl\":\"https:\\\/\\\/res.cloudinary.com\\\/leowittwer\\\/f_auto,w_256,h_79,c_fit\\\/website_media\\\/logo-charcoal_256.png\",\"width\":256,\"height\":79,\"caption\":\"Leo Wittwer\"},\"image\":{\"@id\":\"https:\\\/\\\/leowittwer.de\\\/en\\\/#\\\/schema\\\/logo\\\/image\\\/\"},\"sameAs\":[\"https:\\\/\\\/www.facebook.com\\\/LeoWittwerLounge\",\"https:\\\/\\\/x.com\\\/Leo_Wittwer\",\"https:\\\/\\\/www.instagram.com\\\/leo_wittwer\\\/\",\"https:\\\/\\\/www.linkedin.com\\\/company\\\/leowittwer\",\"https:\\\/\\\/www.pinterest.de\\\/leowittwer\\\/\"]}]}<\/script>\n<!-- \/ Yoast SEO plugin. -->","yoast_head_json":{"title":"Le Tonneau Armband Mini - Leo Wittwer","robots":{"index":"index","follow":"follow","max-snippet":"max-snippet:-1","max-image-preview":"max-image-preview:large","max-video-preview":"max-video-preview:-1"},"canonical":"https:\/\/leowittwer.de\/en\/products\/62-10404xx-1\/","og_locale":"en_US","og_type":"article","og_title":"Le Tonneau Armband Mini - Leo Wittwer","og_description":"Dieses Armband vermittelt stilvolle Leichtigkeit und Eleganz. Es tr\u00e4gt die Handschrift der Le Tonneau Linie, welche die Kunst der Bewegung zelebriert, die das Farbenspiel nat\u00fcrlicher Diamanten in jeder Facette entfacht. Die Beweglichkeit der Elemente im Le-Tonneau-Stil verleiht dem Armband seinen verspielten Charme. Ein Zugband aus Paracord sorgt f\u00fcr einen l\u00e4ssigen Auftritt, der luxuri\u00f6sen Diamantschmuck zum perfekten Begleiter im Alltag macht.\u00a0","og_url":"https:\/\/leowittwer.de\/en\/products\/62-10404xx-1\/","og_site_name":"Leo Wittwer","article_publisher":"https:\/\/www.facebook.com\/LeoWittwerLounge","article_modified_time":"2026-03-24T23:10:59+00:00","og_image":[{"width":2000,"height":2000,"url":"https:\/\/res.cloudinary.com\/leowittwer\/f_auto\/w_2000%2Ch_2000%2Cc_fit\/website_media\/62-1040471-1400.png","type":"image\/png"}],"twitter_card":"summary_large_image","twitter_site":"@Leo_Wittwer","schema":{"@context":"https:\/\/schema.org","@graph":[{"@type":"WebPage","@id":"https:\/\/leowittwer.de\/en\/products\/62-10404xx-1\/","url":"https:\/\/leowittwer.de\/en\/products\/62-10404xx-1\/","name":"Le Tonneau Armband Mini - Leo Wittwer","isPartOf":{"@id":"https:\/\/leowittwer.de\/en\/#website"},"primaryImageOfPage":{"@id":"https:\/\/leowittwer.de\/en\/products\/62-10404xx-1\/#primaryimage"},"image":{"@id":"https:\/\/leowittwer.de\/en\/products\/62-10404xx-1\/#primaryimage"},"thumbnailUrl":"https:\/\/res.cloudinary.com\/leowittwer\/f_auto\/w_2000%2Ch_2000%2Cc_fit\/website_media\/62-1040471-1400.png","datePublished":"2025-06-11T13:17:38+00:00","dateModified":"2026-03-24T23:10:59+00:00","breadcrumb":{"@id":"https:\/\/leowittwer.de\/en\/products\/62-10404xx-1\/#breadcrumb"},"inLanguage":"en-US","potentialAction":[{"@type":"ReadAction","target":["https:\/\/leowittwer.de\/en\/products\/62-10404xx-1\/"]}]},{"@type":"ImageObject","inLanguage":"en-US","@id":"https:\/\/leowittwer.de\/en\/products\/62-10404xx-1\/#primaryimage","url":"https:\/\/res.cloudinary.com\/leowittwer\/f_auto\/w_2000%2Ch_2000%2Cc_fit\/website_media\/62-1040471-1400.png","contentUrl":"https:\/\/res.cloudinary.com\/leowittwer\/f_auto\/w_2000%2Ch_2000%2Cc_fit\/website_media\/62-1040471-1400.png","width":2000,"height":2000},{"@type":"BreadcrumbList","@id":"https:\/\/leowittwer.de\/en\/products\/62-10404xx-1\/#breadcrumb","itemListElement":[{"@type":"ListItem","position":1,"name":"Home","item":"https:\/\/leowittwer.de\/en\/"},{"@type":"ListItem","position":2,"name":"Boutique","item":"https:\/\/leowittwer.de\/en\/boutique\/"},{"@type":"ListItem","position":3,"name":"Le Tonneau Armband Mini"}]},{"@type":"WebSite","@id":"https:\/\/leowittwer.de\/en\/#website","url":"https:\/\/leowittwer.de\/en\/","name":"Leo Wittwer","description":"finest jewellery since 1920","publisher":{"@id":"https:\/\/leowittwer.de\/en\/#organization"},"potentialAction":[{"@type":"SearchAction","target":{"@type":"EntryPoint","urlTemplate":"https:\/\/leowittwer.de\/en\/?s={search_term_string}"},"query-input":{"@type":"PropertyValueSpecification","valueRequired":true,"valueName":"search_term_string"}}],"inLanguage":"en-US"},{"@type":"Organization","@id":"https:\/\/leowittwer.de\/en\/#organization","name":"Leo Wittwer","url":"https:\/\/leowittwer.de\/en\/","logo":{"@type":"ImageObject","inLanguage":"en-US","@id":"https:\/\/leowittwer.de\/en\/#\/schema\/logo\/image\/","url":"https:\/\/res.cloudinary.com\/leowittwer\/f_auto,w_256,h_79,c_fit\/website_media\/logo-charcoal_256.png","contentUrl":"https:\/\/res.cloudinary.com\/leowittwer\/f_auto,w_256,h_79,c_fit\/website_media\/logo-charcoal_256.png","width":256,"height":79,"caption":"Leo Wittwer"},"image":{"@id":"https:\/\/leowittwer.de\/en\/#\/schema\/logo\/image\/"},"sameAs":["https:\/\/www.facebook.com\/LeoWittwerLounge","https:\/\/x.com\/Leo_Wittwer","https:\/\/www.instagram.com\/leo_wittwer\/","https:\/\/www.linkedin.com\/company\/leowittwer","https:\/\/www.pinterest.de\/leowittwer\/"]}]}},"_links":{"self":[{"href":"https:\/\/leowittwer.de\/en\/wp-json\/wp\/v2\/product\/10577","targetHints":{"allow":["GET"]}}],"collection":[{"href":"https:\/\/leowittwer.de\/en\/wp-json\/wp\/v2\/product"}],"about":[{"href":"https:\/\/leowittwer.de\/en\/wp-json\/wp\/v2\/types\/product"}],"wp:featuredmedia":[{"embeddable":true,"href":"https:\/\/leowittwer.de\/en\/wp-json\/wp\/v2\/media\/10255"}],"wp:attachment":[{"href":"https:\/\/leowittwer.de\/en\/wp-json\/wp\/v2\/media?parent=10577"}],"wp:term":[{"taxonomy":"lw_product_feature","embeddable":true,"href":"https:\/\/leowittwer.de\/en\/wp-json\/wp\/v2\/lw_product_feature?post=10577"},{"taxonomy":"lw_line","embeddable":true,"href":"https:\/\/leowittwer.de\/en\/wp-json\/wp\/v2\/lw_line?post=10577"},{"taxonomy":"lw_selection","embeddable":true,"href":"https:\/\/leowittwer.de\/en\/wp-json\/wp\/v2\/lw_selection?post=10577"},{"taxonomy":"product_brand","embeddable":true,"href":"https:\/\/leowittwer.de\/en\/wp-json\/wp\/v2\/product_brand?post=10577"},{"taxonomy":"product_cat","embeddable":true,"href":"https:\/\/leowittwer.de\/en\/wp-json\/wp\/v2\/product_cat?post=10577"},{"taxonomy":"product_tag","embeddable":true,"href":"https:\/\/leowittwer.de\/en\/wp-json\/wp\/v2\/product_tag?post=10577"},{"taxonomy":"lw_product_variation","embeddable":true,"href":"https:\/\/leowittwer.de\/en\/wp-json\/wp\/v2\/lw_product_variation?post=10577"},{"taxonomy":"lw_product_set","embeddable":true,"href":"https:\/\/leowittwer.de\/en\/wp-json\/wp\/v2\/lw_product_set?post=10577"}],"curies":[{"name":"wp","href":"https:\/\/api.w.org\/{rel}","templated":true}]}}