{"id":9840,"date":"2024-04-30T00:47:42","date_gmt":"2024-04-29T22:47:42","guid":{"rendered":"https:\/\/leowittwer.de\/products\/11-1027971-1000\/"},"modified":"2026-03-24T23:57:45","modified_gmt":"2026-03-24T22:57:45","slug":"11-1027971-1000","status":"publish","type":"product","link":"https:\/\/leowittwer.de\/en\/products\/11-1027971-1000\/","title":{"rendered":"The Ultimate Ring"},"content":{"rendered":"<p>Dieser Ring setzt ein einzigartiges Statement. Durch die besondere Fasstechnik der Ultimate Linie scheint er ausschlie\u00dflich aus Diamanten zu bestehen. Dadurch wirkt der Ring wie ein Band aus flie\u00dfendem Licht. Das Zusammenspiel von Design und ausgew\u00e4hlten Diamanten bringen Exklusivit\u00e4t und Luxus in den Alltag. Ein Zeugnis der hohen Juwelenkunst von Leo Wittwer und ein Ausdruck der Leidenschaft f\u00fcr die Sch\u00f6nheit der Diamanten.<\/p>\n","protected":false},"excerpt":{"rendered":"<p>Dieser exklusive Diamantring schmiegt sich wie ein leuchtendes Band aus Licht um den Finger. Er ist Teil der exklusiven Ultimate Linie, die hohe Juwelenkunst mit exquisitem Design verbindet. Die Goldelemente werden in einem aufw\u00e4ndigen Verfahren bearbeitet, das den Eindruck einer zus\u00e4tzlichen Facette erschafft. In einem langen Entwicklungsprozess entstand eine ausgekl\u00fcgelte Fasstechnik, welche die Illusion erzeugt, dass das Schmuckst\u00fcck vollkommen aus Diamanten besteht. <\/p>\n","protected":false},"featured_media":10678,"template":"","meta":{"_acf_changed":false,"inline_featured_image":false},"lw_product_feature":[784,881],"lw_line":[87],"lw_selection":[872,870],"product_brand":[],"product_cat":[685,107,414],"product_tag":[863],"lw_product_variation":[],"lw_product_set":[],"class_list":{"0":"post-9840","1":"product","2":"type-product","3":"status-publish","4":"has-post-thumbnail","6":"lw_product_feature-diamanten-en","7":"lw_product_feature-weissgold-en","8":"lw_line-candlelight-en","9":"lw_selection-stories-of-hiphop-en","10":"lw_selection-ultimate-en","11":"product_cat-eternity-rings","12":"product_cat-jewellery-en","13":"product_cat-rings","14":"product_tag-ultimate-en","16":"first","17":"instock","18":"featured","19":"sold-individually","20":"shipping-taxable","21":"purchasable","22":"product-type-simple"},"acf":[],"gallery_images":[10682,10680],"yoast_head":"<!-- This site is optimized with the Yoast SEO plugin v27.6 - https:\/\/yoast.com\/product\/yoast-seo-wordpress\/ -->\n<title>The Ultimate Ring - Leo Wittwer<\/title>\n<meta name=\"robots\" content=\"index, follow, max-snippet:-1, max-image-preview:large, max-video-preview:-1\" \/>\n<link rel=\"canonical\" href=\"https:\/\/leowittwer.de\/en\/products\/11-1027971-1000\/\" \/>\n<meta property=\"og:locale\" content=\"en_US\" \/>\n<meta property=\"og:type\" content=\"article\" \/>\n<meta property=\"og:title\" content=\"The Ultimate Ring - Leo Wittwer\" \/>\n<meta property=\"og:description\" content=\"Dieser exklusive Diamantring schmiegt sich wie ein leuchtendes Band aus Licht um den Finger. Er ist Teil der exklusiven Ultimate Linie, die hohe Juwelenkunst mit exquisitem Design verbindet. Die Goldelemente werden in einem aufw\u00e4ndigen Verfahren bearbeitet, das den Eindruck einer zus\u00e4tzlichen Facette erschafft. In einem langen Entwicklungsprozess entstand eine ausgekl\u00fcgelte Fasstechnik, welche die Illusion erzeugt, dass das Schmuckst\u00fcck vollkommen aus Diamanten besteht.\" \/>\n<meta property=\"og:url\" content=\"https:\/\/leowittwer.de\/en\/products\/11-1027971-1000\/\" \/>\n<meta property=\"og:site_name\" content=\"Leo Wittwer\" \/>\n<meta property=\"article:publisher\" content=\"https:\/\/www.facebook.com\/LeoWittwerLounge\" \/>\n<meta property=\"article:modified_time\" content=\"2026-03-24T22:57:45+00:00\" \/>\n<meta property=\"og:image\" content=\"https:\/\/res.cloudinary.com\/leowittwer\/f_auto\/w_2000%2Ch_2000%2Cc_fit\/website_media\/11-1027971-1000__C-gda.png\" \/>\n\t<meta property=\"og:image:width\" content=\"2000\" \/>\n\t<meta property=\"og:image:height\" content=\"2000\" \/>\n\t<meta property=\"og:image:type\" content=\"image\/png\" \/>\n<meta name=\"twitter:card\" content=\"summary_large_image\" \/>\n<meta name=\"twitter:site\" content=\"@Leo_Wittwer\" \/>\n<script type=\"application\/ld+json\" class=\"yoast-schema-graph\">{\"@context\":\"https:\\\/\\\/schema.org\",\"@graph\":[{\"@type\":\"WebPage\",\"@id\":\"https:\\\/\\\/leowittwer.de\\\/en\\\/products\\\/11-1027971-1000\\\/\",\"url\":\"https:\\\/\\\/leowittwer.de\\\/en\\\/products\\\/11-1027971-1000\\\/\",\"name\":\"The Ultimate Ring - Leo Wittwer\",\"isPartOf\":{\"@id\":\"https:\\\/\\\/leowittwer.de\\\/en\\\/#website\"},\"primaryImageOfPage\":{\"@id\":\"https:\\\/\\\/leowittwer.de\\\/en\\\/products\\\/11-1027971-1000\\\/#primaryimage\"},\"image\":{\"@id\":\"https:\\\/\\\/leowittwer.de\\\/en\\\/products\\\/11-1027971-1000\\\/#primaryimage\"},\"thumbnailUrl\":\"https:\\\/\\\/res.cloudinary.com\\\/leowittwer\\\/f_auto\\\/w_2000%2Ch_2000%2Cc_fit\\\/website_media\\\/11-1027971-1000__C-gda.png\",\"datePublished\":\"2024-04-29T22:47:42+00:00\",\"dateModified\":\"2026-03-24T22:57:45+00:00\",\"breadcrumb\":{\"@id\":\"https:\\\/\\\/leowittwer.de\\\/en\\\/products\\\/11-1027971-1000\\\/#breadcrumb\"},\"inLanguage\":\"en-US\",\"potentialAction\":[{\"@type\":\"ReadAction\",\"target\":[\"https:\\\/\\\/leowittwer.de\\\/en\\\/products\\\/11-1027971-1000\\\/\"]}]},{\"@type\":\"ImageObject\",\"inLanguage\":\"en-US\",\"@id\":\"https:\\\/\\\/leowittwer.de\\\/en\\\/products\\\/11-1027971-1000\\\/#primaryimage\",\"url\":\"https:\\\/\\\/res.cloudinary.com\\\/leowittwer\\\/f_auto\\\/w_2000%2Ch_2000%2Cc_fit\\\/website_media\\\/11-1027971-1000__C-gda.png\",\"contentUrl\":\"https:\\\/\\\/res.cloudinary.com\\\/leowittwer\\\/f_auto\\\/w_2000%2Ch_2000%2Cc_fit\\\/website_media\\\/11-1027971-1000__C-gda.png\",\"width\":2000,\"height\":2000},{\"@type\":\"BreadcrumbList\",\"@id\":\"https:\\\/\\\/leowittwer.de\\\/en\\\/products\\\/11-1027971-1000\\\/#breadcrumb\",\"itemListElement\":[{\"@type\":\"ListItem\",\"position\":1,\"name\":\"Home\",\"item\":\"https:\\\/\\\/leowittwer.de\\\/en\\\/\"},{\"@type\":\"ListItem\",\"position\":2,\"name\":\"Boutique\",\"item\":\"https:\\\/\\\/leowittwer.de\\\/en\\\/boutique\\\/\"},{\"@type\":\"ListItem\",\"position\":3,\"name\":\"The Ultimate Ring\"}]},{\"@type\":\"WebSite\",\"@id\":\"https:\\\/\\\/leowittwer.de\\\/en\\\/#website\",\"url\":\"https:\\\/\\\/leowittwer.de\\\/en\\\/\",\"name\":\"Leo Wittwer\",\"description\":\"finest jewellery since 1920\",\"publisher\":{\"@id\":\"https:\\\/\\\/leowittwer.de\\\/en\\\/#organization\"},\"potentialAction\":[{\"@type\":\"SearchAction\",\"target\":{\"@type\":\"EntryPoint\",\"urlTemplate\":\"https:\\\/\\\/leowittwer.de\\\/en\\\/?s={search_term_string}\"},\"query-input\":{\"@type\":\"PropertyValueSpecification\",\"valueRequired\":true,\"valueName\":\"search_term_string\"}}],\"inLanguage\":\"en-US\"},{\"@type\":\"Organization\",\"@id\":\"https:\\\/\\\/leowittwer.de\\\/en\\\/#organization\",\"name\":\"Leo Wittwer\",\"url\":\"https:\\\/\\\/leowittwer.de\\\/en\\\/\",\"logo\":{\"@type\":\"ImageObject\",\"inLanguage\":\"en-US\",\"@id\":\"https:\\\/\\\/leowittwer.de\\\/en\\\/#\\\/schema\\\/logo\\\/image\\\/\",\"url\":\"https:\\\/\\\/res.cloudinary.com\\\/leowittwer\\\/f_auto,w_256,h_79,c_fit\\\/website_media\\\/logo-charcoal_256.png\",\"contentUrl\":\"https:\\\/\\\/res.cloudinary.com\\\/leowittwer\\\/f_auto,w_256,h_79,c_fit\\\/website_media\\\/logo-charcoal_256.png\",\"width\":256,\"height\":79,\"caption\":\"Leo Wittwer\"},\"image\":{\"@id\":\"https:\\\/\\\/leowittwer.de\\\/en\\\/#\\\/schema\\\/logo\\\/image\\\/\"},\"sameAs\":[\"https:\\\/\\\/www.facebook.com\\\/LeoWittwerLounge\",\"https:\\\/\\\/x.com\\\/Leo_Wittwer\",\"https:\\\/\\\/www.instagram.com\\\/leo_wittwer\\\/\",\"https:\\\/\\\/www.linkedin.com\\\/company\\\/leowittwer\",\"https:\\\/\\\/www.pinterest.de\\\/leowittwer\\\/\"]}]}<\/script>\n<!-- \/ Yoast SEO plugin. -->","yoast_head_json":{"title":"The Ultimate Ring - Leo Wittwer","robots":{"index":"index","follow":"follow","max-snippet":"max-snippet:-1","max-image-preview":"max-image-preview:large","max-video-preview":"max-video-preview:-1"},"canonical":"https:\/\/leowittwer.de\/en\/products\/11-1027971-1000\/","og_locale":"en_US","og_type":"article","og_title":"The Ultimate Ring - Leo Wittwer","og_description":"Dieser exklusive Diamantring schmiegt sich wie ein leuchtendes Band aus Licht um den Finger. Er ist Teil der exklusiven Ultimate Linie, die hohe Juwelenkunst mit exquisitem Design verbindet. Die Goldelemente werden in einem aufw\u00e4ndigen Verfahren bearbeitet, das den Eindruck einer zus\u00e4tzlichen Facette erschafft. In einem langen Entwicklungsprozess entstand eine ausgekl\u00fcgelte Fasstechnik, welche die Illusion erzeugt, dass das Schmuckst\u00fcck vollkommen aus Diamanten besteht.","og_url":"https:\/\/leowittwer.de\/en\/products\/11-1027971-1000\/","og_site_name":"Leo Wittwer","article_publisher":"https:\/\/www.facebook.com\/LeoWittwerLounge","article_modified_time":"2026-03-24T22:57:45+00:00","og_image":[{"width":2000,"height":2000,"url":"https:\/\/res.cloudinary.com\/leowittwer\/f_auto\/w_2000%2Ch_2000%2Cc_fit\/website_media\/11-1027971-1000__C-gda.png","type":"image\/png"}],"twitter_card":"summary_large_image","twitter_site":"@Leo_Wittwer","schema":{"@context":"https:\/\/schema.org","@graph":[{"@type":"WebPage","@id":"https:\/\/leowittwer.de\/en\/products\/11-1027971-1000\/","url":"https:\/\/leowittwer.de\/en\/products\/11-1027971-1000\/","name":"The Ultimate Ring - Leo Wittwer","isPartOf":{"@id":"https:\/\/leowittwer.de\/en\/#website"},"primaryImageOfPage":{"@id":"https:\/\/leowittwer.de\/en\/products\/11-1027971-1000\/#primaryimage"},"image":{"@id":"https:\/\/leowittwer.de\/en\/products\/11-1027971-1000\/#primaryimage"},"thumbnailUrl":"https:\/\/res.cloudinary.com\/leowittwer\/f_auto\/w_2000%2Ch_2000%2Cc_fit\/website_media\/11-1027971-1000__C-gda.png","datePublished":"2024-04-29T22:47:42+00:00","dateModified":"2026-03-24T22:57:45+00:00","breadcrumb":{"@id":"https:\/\/leowittwer.de\/en\/products\/11-1027971-1000\/#breadcrumb"},"inLanguage":"en-US","potentialAction":[{"@type":"ReadAction","target":["https:\/\/leowittwer.de\/en\/products\/11-1027971-1000\/"]}]},{"@type":"ImageObject","inLanguage":"en-US","@id":"https:\/\/leowittwer.de\/en\/products\/11-1027971-1000\/#primaryimage","url":"https:\/\/res.cloudinary.com\/leowittwer\/f_auto\/w_2000%2Ch_2000%2Cc_fit\/website_media\/11-1027971-1000__C-gda.png","contentUrl":"https:\/\/res.cloudinary.com\/leowittwer\/f_auto\/w_2000%2Ch_2000%2Cc_fit\/website_media\/11-1027971-1000__C-gda.png","width":2000,"height":2000},{"@type":"BreadcrumbList","@id":"https:\/\/leowittwer.de\/en\/products\/11-1027971-1000\/#breadcrumb","itemListElement":[{"@type":"ListItem","position":1,"name":"Home","item":"https:\/\/leowittwer.de\/en\/"},{"@type":"ListItem","position":2,"name":"Boutique","item":"https:\/\/leowittwer.de\/en\/boutique\/"},{"@type":"ListItem","position":3,"name":"The Ultimate Ring"}]},{"@type":"WebSite","@id":"https:\/\/leowittwer.de\/en\/#website","url":"https:\/\/leowittwer.de\/en\/","name":"Leo Wittwer","description":"finest jewellery since 1920","publisher":{"@id":"https:\/\/leowittwer.de\/en\/#organization"},"potentialAction":[{"@type":"SearchAction","target":{"@type":"EntryPoint","urlTemplate":"https:\/\/leowittwer.de\/en\/?s={search_term_string}"},"query-input":{"@type":"PropertyValueSpecification","valueRequired":true,"valueName":"search_term_string"}}],"inLanguage":"en-US"},{"@type":"Organization","@id":"https:\/\/leowittwer.de\/en\/#organization","name":"Leo Wittwer","url":"https:\/\/leowittwer.de\/en\/","logo":{"@type":"ImageObject","inLanguage":"en-US","@id":"https:\/\/leowittwer.de\/en\/#\/schema\/logo\/image\/","url":"https:\/\/res.cloudinary.com\/leowittwer\/f_auto,w_256,h_79,c_fit\/website_media\/logo-charcoal_256.png","contentUrl":"https:\/\/res.cloudinary.com\/leowittwer\/f_auto,w_256,h_79,c_fit\/website_media\/logo-charcoal_256.png","width":256,"height":79,"caption":"Leo Wittwer"},"image":{"@id":"https:\/\/leowittwer.de\/en\/#\/schema\/logo\/image\/"},"sameAs":["https:\/\/www.facebook.com\/LeoWittwerLounge","https:\/\/x.com\/Leo_Wittwer","https:\/\/www.instagram.com\/leo_wittwer\/","https:\/\/www.linkedin.com\/company\/leowittwer","https:\/\/www.pinterest.de\/leowittwer\/"]}]}},"_links":{"self":[{"href":"https:\/\/leowittwer.de\/en\/wp-json\/wp\/v2\/product\/9840","targetHints":{"allow":["GET"]}}],"collection":[{"href":"https:\/\/leowittwer.de\/en\/wp-json\/wp\/v2\/product"}],"about":[{"href":"https:\/\/leowittwer.de\/en\/wp-json\/wp\/v2\/types\/product"}],"wp:featuredmedia":[{"embeddable":true,"href":"https:\/\/leowittwer.de\/en\/wp-json\/wp\/v2\/media\/10678"}],"wp:attachment":[{"href":"https:\/\/leowittwer.de\/en\/wp-json\/wp\/v2\/media?parent=9840"}],"wp:term":[{"taxonomy":"lw_product_feature","embeddable":true,"href":"https:\/\/leowittwer.de\/en\/wp-json\/wp\/v2\/lw_product_feature?post=9840"},{"taxonomy":"lw_line","embeddable":true,"href":"https:\/\/leowittwer.de\/en\/wp-json\/wp\/v2\/lw_line?post=9840"},{"taxonomy":"lw_selection","embeddable":true,"href":"https:\/\/leowittwer.de\/en\/wp-json\/wp\/v2\/lw_selection?post=9840"},{"taxonomy":"product_brand","embeddable":true,"href":"https:\/\/leowittwer.de\/en\/wp-json\/wp\/v2\/product_brand?post=9840"},{"taxonomy":"product_cat","embeddable":true,"href":"https:\/\/leowittwer.de\/en\/wp-json\/wp\/v2\/product_cat?post=9840"},{"taxonomy":"product_tag","embeddable":true,"href":"https:\/\/leowittwer.de\/en\/wp-json\/wp\/v2\/product_tag?post=9840"},{"taxonomy":"lw_product_variation","embeddable":true,"href":"https:\/\/leowittwer.de\/en\/wp-json\/wp\/v2\/lw_product_variation?post=9840"},{"taxonomy":"lw_product_set","embeddable":true,"href":"https:\/\/leowittwer.de\/en\/wp-json\/wp\/v2\/lw_product_set?post=9840"}],"curies":[{"name":"wp","href":"https:\/\/api.w.org\/{rel}","templated":true}]}}