{"id":9841,"date":"2024-04-30T00:47:42","date_gmt":"2024-04-29T22:47:42","guid":{"rendered":"https:\/\/leowittwer.de\/products\/11-1029273-5000\/"},"modified":"2026-03-24T23:57:48","modified_gmt":"2026-03-24T22:57:48","slug":"11-1029273-5000","status":"publish","type":"product","link":"https:\/\/leowittwer.de\/en\/products\/11-1029273-5000\/","title":{"rendered":"Le Tonneau Ring"},"content":{"rendered":"<p>Seine offene Form macht den Ring nicht nur zu einem reizvollen Schmuckst\u00fcck, einem Sinnbild des Besonderen, sondern sorgt auch f\u00fcr h\u00f6chsten Tragekomfort. Bewusst wurde beim Design die Entscheidung getroffen, die naturbraunen Diamanten nach Innen zu richten. So setzt man mit dem Ring ein echtes Understatement.<\/p>\n","protected":false},"excerpt":{"rendered":"<p>Dieser elegante Ring steht sinnbildlich f\u00fcr den Reiz des Verborgenen und den leisen Luxus, denn die darin verarbeiteten braunen Diamanten fallen erst auf den zweiten Blick ins Auge. Das moderne und dezente Design des Rings l\u00e4dt dazu ein, seine Sch\u00f6nheit n\u00e4her zu erkunden&#8230;<\/p>\n","protected":false},"featured_media":9139,"template":"","meta":{"_acf_changed":false,"inline_featured_image":false},"lw_product_feature":[780],"lw_line":[87],"lw_selection":[869],"product_brand":[],"product_cat":[107,414],"product_tag":[861],"lw_product_variation":[],"lw_product_set":[],"class_list":{"0":"post-9841","1":"product","2":"type-product","3":"status-publish","4":"has-post-thumbnail","6":"lw_product_feature-rosegold-en","7":"lw_line-candlelight-en","8":"lw_selection-le-tonneau-en","9":"product_cat-jewellery-en","10":"product_cat-rings","11":"product_tag-le-tonneau-en","12":"pa_materials-750-rose-gold-en","14":"first","15":"instock","16":"sold-individually","17":"shipping-taxable","18":"purchasable","19":"product-type-simple"},"acf":[],"gallery_images":[9137],"yoast_head":"<!-- This site is optimized with the Yoast SEO plugin v27.6 - https:\/\/yoast.com\/product\/yoast-seo-wordpress\/ -->\n<title>Le Tonneau Ring - Leo Wittwer<\/title>\n<meta name=\"robots\" content=\"index, follow, max-snippet:-1, max-image-preview:large, max-video-preview:-1\" \/>\n<link rel=\"canonical\" href=\"https:\/\/leowittwer.de\/en\/products\/11-1029273-5000\/\" \/>\n<meta property=\"og:locale\" content=\"en_US\" \/>\n<meta property=\"og:type\" content=\"article\" \/>\n<meta property=\"og:title\" content=\"Le Tonneau Ring - Leo Wittwer\" \/>\n<meta property=\"og:description\" content=\"Dieser elegante Ring steht sinnbildlich f\u00fcr den Reiz des Verborgenen und den leisen Luxus, denn die darin verarbeiteten braunen Diamanten fallen erst auf den zweiten Blick ins Auge. Das moderne und dezente Design des Rings l\u00e4dt dazu ein, seine Sch\u00f6nheit n\u00e4her zu erkunden...\" \/>\n<meta property=\"og:url\" content=\"https:\/\/leowittwer.de\/en\/products\/11-1029273-5000\/\" \/>\n<meta property=\"og:site_name\" content=\"Leo Wittwer\" \/>\n<meta property=\"article:publisher\" content=\"https:\/\/www.facebook.com\/LeoWittwerLounge\" \/>\n<meta property=\"article:modified_time\" content=\"2026-03-24T22:57:48+00:00\" \/>\n<meta property=\"og:image\" content=\"https:\/\/res.cloudinary.com\/leowittwer\/f_auto\/w_2000%2Ch_2000%2Cc_fit\/website_media\/11-1029273-5000.png\" \/>\n\t<meta property=\"og:image:width\" content=\"2000\" \/>\n\t<meta property=\"og:image:height\" content=\"2000\" \/>\n\t<meta property=\"og:image:type\" content=\"image\/png\" \/>\n<meta name=\"twitter:card\" content=\"summary_large_image\" \/>\n<meta name=\"twitter:site\" content=\"@Leo_Wittwer\" \/>\n<script type=\"application\/ld+json\" class=\"yoast-schema-graph\">{\"@context\":\"https:\\\/\\\/schema.org\",\"@graph\":[{\"@type\":\"WebPage\",\"@id\":\"https:\\\/\\\/leowittwer.de\\\/en\\\/products\\\/11-1029273-5000\\\/\",\"url\":\"https:\\\/\\\/leowittwer.de\\\/en\\\/products\\\/11-1029273-5000\\\/\",\"name\":\"Le Tonneau Ring - Leo Wittwer\",\"isPartOf\":{\"@id\":\"https:\\\/\\\/leowittwer.de\\\/en\\\/#website\"},\"primaryImageOfPage\":{\"@id\":\"https:\\\/\\\/leowittwer.de\\\/en\\\/products\\\/11-1029273-5000\\\/#primaryimage\"},\"image\":{\"@id\":\"https:\\\/\\\/leowittwer.de\\\/en\\\/products\\\/11-1029273-5000\\\/#primaryimage\"},\"thumbnailUrl\":\"https:\\\/\\\/res.cloudinary.com\\\/leowittwer\\\/f_auto\\\/w_2000%2Ch_2000%2Cc_fit\\\/website_media\\\/11-1029273-5000.png\",\"datePublished\":\"2024-04-29T22:47:42+00:00\",\"dateModified\":\"2026-03-24T22:57:48+00:00\",\"breadcrumb\":{\"@id\":\"https:\\\/\\\/leowittwer.de\\\/en\\\/products\\\/11-1029273-5000\\\/#breadcrumb\"},\"inLanguage\":\"en-US\",\"potentialAction\":[{\"@type\":\"ReadAction\",\"target\":[\"https:\\\/\\\/leowittwer.de\\\/en\\\/products\\\/11-1029273-5000\\\/\"]}]},{\"@type\":\"ImageObject\",\"inLanguage\":\"en-US\",\"@id\":\"https:\\\/\\\/leowittwer.de\\\/en\\\/products\\\/11-1029273-5000\\\/#primaryimage\",\"url\":\"https:\\\/\\\/res.cloudinary.com\\\/leowittwer\\\/f_auto\\\/w_2000%2Ch_2000%2Cc_fit\\\/website_media\\\/11-1029273-5000.png\",\"contentUrl\":\"https:\\\/\\\/res.cloudinary.com\\\/leowittwer\\\/f_auto\\\/w_2000%2Ch_2000%2Cc_fit\\\/website_media\\\/11-1029273-5000.png\",\"width\":2000,\"height\":2000},{\"@type\":\"BreadcrumbList\",\"@id\":\"https:\\\/\\\/leowittwer.de\\\/en\\\/products\\\/11-1029273-5000\\\/#breadcrumb\",\"itemListElement\":[{\"@type\":\"ListItem\",\"position\":1,\"name\":\"Home\",\"item\":\"https:\\\/\\\/leowittwer.de\\\/en\\\/\"},{\"@type\":\"ListItem\",\"position\":2,\"name\":\"Boutique\",\"item\":\"https:\\\/\\\/leowittwer.de\\\/en\\\/boutique\\\/\"},{\"@type\":\"ListItem\",\"position\":3,\"name\":\"Le Tonneau Ring\"}]},{\"@type\":\"WebSite\",\"@id\":\"https:\\\/\\\/leowittwer.de\\\/en\\\/#website\",\"url\":\"https:\\\/\\\/leowittwer.de\\\/en\\\/\",\"name\":\"Leo Wittwer\",\"description\":\"finest jewellery since 1920\",\"publisher\":{\"@id\":\"https:\\\/\\\/leowittwer.de\\\/en\\\/#organization\"},\"potentialAction\":[{\"@type\":\"SearchAction\",\"target\":{\"@type\":\"EntryPoint\",\"urlTemplate\":\"https:\\\/\\\/leowittwer.de\\\/en\\\/?s={search_term_string}\"},\"query-input\":{\"@type\":\"PropertyValueSpecification\",\"valueRequired\":true,\"valueName\":\"search_term_string\"}}],\"inLanguage\":\"en-US\"},{\"@type\":\"Organization\",\"@id\":\"https:\\\/\\\/leowittwer.de\\\/en\\\/#organization\",\"name\":\"Leo Wittwer\",\"url\":\"https:\\\/\\\/leowittwer.de\\\/en\\\/\",\"logo\":{\"@type\":\"ImageObject\",\"inLanguage\":\"en-US\",\"@id\":\"https:\\\/\\\/leowittwer.de\\\/en\\\/#\\\/schema\\\/logo\\\/image\\\/\",\"url\":\"https:\\\/\\\/res.cloudinary.com\\\/leowittwer\\\/f_auto,w_256,h_79,c_fit\\\/website_media\\\/logo-charcoal_256.png\",\"contentUrl\":\"https:\\\/\\\/res.cloudinary.com\\\/leowittwer\\\/f_auto,w_256,h_79,c_fit\\\/website_media\\\/logo-charcoal_256.png\",\"width\":256,\"height\":79,\"caption\":\"Leo Wittwer\"},\"image\":{\"@id\":\"https:\\\/\\\/leowittwer.de\\\/en\\\/#\\\/schema\\\/logo\\\/image\\\/\"},\"sameAs\":[\"https:\\\/\\\/www.facebook.com\\\/LeoWittwerLounge\",\"https:\\\/\\\/x.com\\\/Leo_Wittwer\",\"https:\\\/\\\/www.instagram.com\\\/leo_wittwer\\\/\",\"https:\\\/\\\/www.linkedin.com\\\/company\\\/leowittwer\",\"https:\\\/\\\/www.pinterest.de\\\/leowittwer\\\/\"]}]}<\/script>\n<!-- \/ Yoast SEO plugin. -->","yoast_head_json":{"title":"Le Tonneau Ring - Leo Wittwer","robots":{"index":"index","follow":"follow","max-snippet":"max-snippet:-1","max-image-preview":"max-image-preview:large","max-video-preview":"max-video-preview:-1"},"canonical":"https:\/\/leowittwer.de\/en\/products\/11-1029273-5000\/","og_locale":"en_US","og_type":"article","og_title":"Le Tonneau Ring - Leo Wittwer","og_description":"Dieser elegante Ring steht sinnbildlich f\u00fcr den Reiz des Verborgenen und den leisen Luxus, denn die darin verarbeiteten braunen Diamanten fallen erst auf den zweiten Blick ins Auge. Das moderne und dezente Design des Rings l\u00e4dt dazu ein, seine Sch\u00f6nheit n\u00e4her zu erkunden...","og_url":"https:\/\/leowittwer.de\/en\/products\/11-1029273-5000\/","og_site_name":"Leo Wittwer","article_publisher":"https:\/\/www.facebook.com\/LeoWittwerLounge","article_modified_time":"2026-03-24T22:57:48+00:00","og_image":[{"width":2000,"height":2000,"url":"https:\/\/res.cloudinary.com\/leowittwer\/f_auto\/w_2000%2Ch_2000%2Cc_fit\/website_media\/11-1029273-5000.png","type":"image\/png"}],"twitter_card":"summary_large_image","twitter_site":"@Leo_Wittwer","schema":{"@context":"https:\/\/schema.org","@graph":[{"@type":"WebPage","@id":"https:\/\/leowittwer.de\/en\/products\/11-1029273-5000\/","url":"https:\/\/leowittwer.de\/en\/products\/11-1029273-5000\/","name":"Le Tonneau Ring - Leo Wittwer","isPartOf":{"@id":"https:\/\/leowittwer.de\/en\/#website"},"primaryImageOfPage":{"@id":"https:\/\/leowittwer.de\/en\/products\/11-1029273-5000\/#primaryimage"},"image":{"@id":"https:\/\/leowittwer.de\/en\/products\/11-1029273-5000\/#primaryimage"},"thumbnailUrl":"https:\/\/res.cloudinary.com\/leowittwer\/f_auto\/w_2000%2Ch_2000%2Cc_fit\/website_media\/11-1029273-5000.png","datePublished":"2024-04-29T22:47:42+00:00","dateModified":"2026-03-24T22:57:48+00:00","breadcrumb":{"@id":"https:\/\/leowittwer.de\/en\/products\/11-1029273-5000\/#breadcrumb"},"inLanguage":"en-US","potentialAction":[{"@type":"ReadAction","target":["https:\/\/leowittwer.de\/en\/products\/11-1029273-5000\/"]}]},{"@type":"ImageObject","inLanguage":"en-US","@id":"https:\/\/leowittwer.de\/en\/products\/11-1029273-5000\/#primaryimage","url":"https:\/\/res.cloudinary.com\/leowittwer\/f_auto\/w_2000%2Ch_2000%2Cc_fit\/website_media\/11-1029273-5000.png","contentUrl":"https:\/\/res.cloudinary.com\/leowittwer\/f_auto\/w_2000%2Ch_2000%2Cc_fit\/website_media\/11-1029273-5000.png","width":2000,"height":2000},{"@type":"BreadcrumbList","@id":"https:\/\/leowittwer.de\/en\/products\/11-1029273-5000\/#breadcrumb","itemListElement":[{"@type":"ListItem","position":1,"name":"Home","item":"https:\/\/leowittwer.de\/en\/"},{"@type":"ListItem","position":2,"name":"Boutique","item":"https:\/\/leowittwer.de\/en\/boutique\/"},{"@type":"ListItem","position":3,"name":"Le Tonneau Ring"}]},{"@type":"WebSite","@id":"https:\/\/leowittwer.de\/en\/#website","url":"https:\/\/leowittwer.de\/en\/","name":"Leo Wittwer","description":"finest jewellery since 1920","publisher":{"@id":"https:\/\/leowittwer.de\/en\/#organization"},"potentialAction":[{"@type":"SearchAction","target":{"@type":"EntryPoint","urlTemplate":"https:\/\/leowittwer.de\/en\/?s={search_term_string}"},"query-input":{"@type":"PropertyValueSpecification","valueRequired":true,"valueName":"search_term_string"}}],"inLanguage":"en-US"},{"@type":"Organization","@id":"https:\/\/leowittwer.de\/en\/#organization","name":"Leo Wittwer","url":"https:\/\/leowittwer.de\/en\/","logo":{"@type":"ImageObject","inLanguage":"en-US","@id":"https:\/\/leowittwer.de\/en\/#\/schema\/logo\/image\/","url":"https:\/\/res.cloudinary.com\/leowittwer\/f_auto,w_256,h_79,c_fit\/website_media\/logo-charcoal_256.png","contentUrl":"https:\/\/res.cloudinary.com\/leowittwer\/f_auto,w_256,h_79,c_fit\/website_media\/logo-charcoal_256.png","width":256,"height":79,"caption":"Leo Wittwer"},"image":{"@id":"https:\/\/leowittwer.de\/en\/#\/schema\/logo\/image\/"},"sameAs":["https:\/\/www.facebook.com\/LeoWittwerLounge","https:\/\/x.com\/Leo_Wittwer","https:\/\/www.instagram.com\/leo_wittwer\/","https:\/\/www.linkedin.com\/company\/leowittwer","https:\/\/www.pinterest.de\/leowittwer\/"]}]}},"_links":{"self":[{"href":"https:\/\/leowittwer.de\/en\/wp-json\/wp\/v2\/product\/9841","targetHints":{"allow":["GET"]}}],"collection":[{"href":"https:\/\/leowittwer.de\/en\/wp-json\/wp\/v2\/product"}],"about":[{"href":"https:\/\/leowittwer.de\/en\/wp-json\/wp\/v2\/types\/product"}],"wp:featuredmedia":[{"embeddable":true,"href":"https:\/\/leowittwer.de\/en\/wp-json\/wp\/v2\/media\/9139"}],"wp:attachment":[{"href":"https:\/\/leowittwer.de\/en\/wp-json\/wp\/v2\/media?parent=9841"}],"wp:term":[{"taxonomy":"lw_product_feature","embeddable":true,"href":"https:\/\/leowittwer.de\/en\/wp-json\/wp\/v2\/lw_product_feature?post=9841"},{"taxonomy":"lw_line","embeddable":true,"href":"https:\/\/leowittwer.de\/en\/wp-json\/wp\/v2\/lw_line?post=9841"},{"taxonomy":"lw_selection","embeddable":true,"href":"https:\/\/leowittwer.de\/en\/wp-json\/wp\/v2\/lw_selection?post=9841"},{"taxonomy":"product_brand","embeddable":true,"href":"https:\/\/leowittwer.de\/en\/wp-json\/wp\/v2\/product_brand?post=9841"},{"taxonomy":"product_cat","embeddable":true,"href":"https:\/\/leowittwer.de\/en\/wp-json\/wp\/v2\/product_cat?post=9841"},{"taxonomy":"product_tag","embeddable":true,"href":"https:\/\/leowittwer.de\/en\/wp-json\/wp\/v2\/product_tag?post=9841"},{"taxonomy":"lw_product_variation","embeddable":true,"href":"https:\/\/leowittwer.de\/en\/wp-json\/wp\/v2\/lw_product_variation?post=9841"},{"taxonomy":"lw_product_set","embeddable":true,"href":"https:\/\/leowittwer.de\/en\/wp-json\/wp\/v2\/lw_product_set?post=9841"}],"curies":[{"name":"wp","href":"https:\/\/api.w.org\/{rel}","templated":true}]}}